{"id":162387,"date":"2022-09-28T18:03:16","date_gmt":"2022-09-28T18:03:16","guid":{"rendered":"http:\/\/climalife.com\/product\/facilisolv\/"},"modified":"2025-08-12T12:22:31","modified_gmt":"2025-08-12T12:22:31","slug":"facilisolv","status":"publish","type":"product","link":"https:\/\/climalife.com\/hu\/product\/facilisolv\/","title":{"rendered":"Facilisolv"},"content":{"rendered":"<p>A Facilisolv hat\u00e9kony minden halog\u00e9nezett h\u0171t\u0151k\u00f6zeget, NH<sub>3<\/sub>-\u00e1t \u00e9s szok\u00e1sos h\u0171t\u0151kompresszor-olajat tartalmaz\u00f3 h\u0171t\u0151k\u00f6r eset\u00e9n.<\/p>\n","protected":false},"excerpt":{"rendered":"<p>Old\u00f3szer ipari h\u0171t\u0151rendszerek bels\u0151 tiszt\u00edt\u00e1s\u00e1ra.<\/p>\n","protected":false},"featured_media":108684,"comment_status":"open","ping_status":"closed","template":"","meta":[],"countries":[4674,4709,4756,4813,4831,4862],"product_brand":[],"product_cat":[9230,9967,9994,9940,9949,13096,13130,9987],"product_tag":[],"class_list":{"0":"post-162387","1":"product","2":"type-product","3":"status-publish","4":"has-post-thumbnail","6":"countries-by","7":"countries-cu","8":"countries-ir","9":"countries-kp","10":"countries-ru","11":"countries-sy","12":"product_cat-hutoberendezesek-belso-tisztitasa","13":"product_cat-egeszseg-jolet","14":"product_cat-egyeb-iparagak","15":"product_cat-elelmiszeripar","16":"product_cat-epuletek","17":"product_cat-futes","18":"product_cat-hutestechnika","19":"product_cat-repulestechnika-urhajozas-vedelem","20":"pa_packaging-hordo-210-i-hu-28","21":"pa_packaging-hordo-30-i-hu-26","23":"first","24":"instock","25":"shipping-taxable","26":"purchasable","27":"product-type-variable"},"_links":{"self":[{"href":"https:\/\/climalife.com\/hu\/wp-json\/wp\/v2\/product\/162387","targetHints":{"allow":["GET"]}}],"collection":[{"href":"https:\/\/climalife.com\/hu\/wp-json\/wp\/v2\/product"}],"about":[{"href":"https:\/\/climalife.com\/hu\/wp-json\/wp\/v2\/types\/product"}],"replies":[{"embeddable":true,"href":"https:\/\/climalife.com\/hu\/wp-json\/wp\/v2\/comments?post=162387"}],"wp:featuredmedia":[{"embeddable":true,"href":"https:\/\/climalife.com\/hu\/wp-json\/wp\/v2\/media\/108684"}],"wp:attachment":[{"href":"https:\/\/climalife.com\/hu\/wp-json\/wp\/v2\/media?parent=162387"}],"wp:term":[{"taxonomy":"countries","embeddable":true,"href":"https:\/\/climalife.com\/hu\/wp-json\/wp\/v2\/countries?post=162387"},{"taxonomy":"product_brand","embeddable":true,"href":"https:\/\/climalife.com\/hu\/wp-json\/wp\/v2\/product_brand?post=162387"},{"taxonomy":"product_cat","embeddable":true,"href":"https:\/\/climalife.com\/hu\/wp-json\/wp\/v2\/product_cat?post=162387"},{"taxonomy":"product_tag","embeddable":true,"href":"https:\/\/climalife.com\/hu\/wp-json\/wp\/v2\/product_tag?post=162387"}],"curies":[{"name":"wp","href":"https:\/\/api.w.org\/{rel}","templated":true}]}}