{"id":162406,"date":"2022-09-28T18:03:37","date_gmt":"2022-09-28T18:03:37","guid":{"rendered":"http:\/\/climalife.com\/product\/fagyaspont\/"},"modified":"2025-07-14T08:25:10","modified_gmt":"2025-07-14T08:25:10","slug":"fagyaspont","status":"publish","type":"product","link":"https:\/\/climalife.com\/hu\/product\/fagyaspont\/","title":{"rendered":"Fagy\u00e1spont"},"content":{"rendered":"","protected":false},"excerpt":{"rendered":"<p>Lehet\u0151v\u00e9 teszi a h\u0171t\u0151folyad\u00e9k fagyv\u00e9delm\u00e9nek ellen\u0151rz\u00e9s\u00e9t.<\/p>\n","protected":false},"featured_media":107532,"comment_status":"open","ping_status":"closed","template":"","meta":[],"countries":[4674,4709,4756,4813,4831,4862],"product_brand":[],"product_cat":[9967,9994,9940,9949,13096,13130,9482,13061,9987],"product_tag":[],"class_list":{"0":"post-162406","1":"product","2":"type-product","3":"status-publish","4":"has-post-thumbnail","6":"countries-by","7":"countries-cu","8":"countries-ir","9":"countries-kp","10":"countries-ru","11":"countries-sy","12":"product_cat-egeszseg-jolet","13":"product_cat-egyeb-iparagak","14":"product_cat-elelmiszeripar","15":"product_cat-epuletek","16":"product_cat-futes","17":"product_cat-hutestechnika","18":"product_cat-kozvetitokozeg-analizis","19":"product_cat-legkondicionalas","20":"product_cat-repulestechnika-urhajozas-vedelem","21":"pa_packaging-egyseg-hu-25","23":"first","24":"instock","25":"shipping-taxable","26":"purchasable","27":"product-type-variable"},"_links":{"self":[{"href":"https:\/\/climalife.com\/hu\/wp-json\/wp\/v2\/product\/162406","targetHints":{"allow":["GET"]}}],"collection":[{"href":"https:\/\/climalife.com\/hu\/wp-json\/wp\/v2\/product"}],"about":[{"href":"https:\/\/climalife.com\/hu\/wp-json\/wp\/v2\/types\/product"}],"replies":[{"embeddable":true,"href":"https:\/\/climalife.com\/hu\/wp-json\/wp\/v2\/comments?post=162406"}],"wp:featuredmedia":[{"embeddable":true,"href":"https:\/\/climalife.com\/hu\/wp-json\/wp\/v2\/media\/107532"}],"wp:attachment":[{"href":"https:\/\/climalife.com\/hu\/wp-json\/wp\/v2\/media?parent=162406"}],"wp:term":[{"taxonomy":"countries","embeddable":true,"href":"https:\/\/climalife.com\/hu\/wp-json\/wp\/v2\/countries?post=162406"},{"taxonomy":"product_brand","embeddable":true,"href":"https:\/\/climalife.com\/hu\/wp-json\/wp\/v2\/product_brand?post=162406"},{"taxonomy":"product_cat","embeddable":true,"href":"https:\/\/climalife.com\/hu\/wp-json\/wp\/v2\/product_cat?post=162406"},{"taxonomy":"product_tag","embeddable":true,"href":"https:\/\/climalife.com\/hu\/wp-json\/wp\/v2\/product_tag?post=162406"}],"curies":[{"name":"wp","href":"https:\/\/api.w.org\/{rel}","templated":true}]}}