{"id":162415,"date":"2022-09-28T18:03:49","date_gmt":"2022-09-28T18:03:49","guid":{"rendered":"http:\/\/climalife.com\/product\/kozvetitokozeg-ferrografia\/"},"modified":"2025-07-14T08:25:36","modified_gmt":"2025-07-14T08:25:36","slug":"kozvetitokozeg-ferrografia","status":"publish","type":"product","link":"https:\/\/climalife.com\/hu\/product\/kozvetitokozeg-ferrografia\/","title":{"rendered":"K\u00f6zvet\u00edt\u0151k\u00f6zeg ferrogr\u00e1fia"},"content":{"rendered":"","protected":false},"excerpt":{"rendered":"<p>A h\u0151hordoz\u00f3ban tal\u00e1lhat\u00f3 r\u00e9szecsk\u00e9k azonos\u00edt\u00e1sa \u00e9s mennyis\u00e9gi meghat\u00e1roz\u00e1sa.<\/p>\n","protected":false},"featured_media":107532,"comment_status":"open","ping_status":"closed","template":"","meta":[],"countries":[4674,4709,4756,4813,4831,4862],"product_brand":[],"product_cat":[9967,9994,9940,9949,13096,13130,9482,13061,9987],"product_tag":[],"class_list":{"0":"post-162415","1":"product","2":"type-product","3":"status-publish","4":"has-post-thumbnail","6":"countries-by","7":"countries-cu","8":"countries-ir","9":"countries-kp","10":"countries-ru","11":"countries-sy","12":"product_cat-egeszseg-jolet","13":"product_cat-egyeb-iparagak","14":"product_cat-elelmiszeripar","15":"product_cat-epuletek","16":"product_cat-futes","17":"product_cat-hutestechnika","18":"product_cat-kozvetitokozeg-analizis","19":"product_cat-legkondicionalas","20":"product_cat-repulestechnika-urhajozas-vedelem","21":"pa_packaging-egyseg-hu-25","23":"first","24":"instock","25":"shipping-taxable","26":"purchasable","27":"product-type-variable"},"_links":{"self":[{"href":"https:\/\/climalife.com\/hu\/wp-json\/wp\/v2\/product\/162415","targetHints":{"allow":["GET"]}}],"collection":[{"href":"https:\/\/climalife.com\/hu\/wp-json\/wp\/v2\/product"}],"about":[{"href":"https:\/\/climalife.com\/hu\/wp-json\/wp\/v2\/types\/product"}],"replies":[{"embeddable":true,"href":"https:\/\/climalife.com\/hu\/wp-json\/wp\/v2\/comments?post=162415"}],"wp:featuredmedia":[{"embeddable":true,"href":"https:\/\/climalife.com\/hu\/wp-json\/wp\/v2\/media\/107532"}],"wp:attachment":[{"href":"https:\/\/climalife.com\/hu\/wp-json\/wp\/v2\/media?parent=162415"}],"wp:term":[{"taxonomy":"countries","embeddable":true,"href":"https:\/\/climalife.com\/hu\/wp-json\/wp\/v2\/countries?post=162415"},{"taxonomy":"product_brand","embeddable":true,"href":"https:\/\/climalife.com\/hu\/wp-json\/wp\/v2\/product_brand?post=162415"},{"taxonomy":"product_cat","embeddable":true,"href":"https:\/\/climalife.com\/hu\/wp-json\/wp\/v2\/product_cat?post=162415"},{"taxonomy":"product_tag","embeddable":true,"href":"https:\/\/climalife.com\/hu\/wp-json\/wp\/v2\/product_tag?post=162415"}],"curies":[{"name":"wp","href":"https:\/\/api.w.org\/{rel}","templated":true}]}}