{"id":162424,"date":"2022-09-28T18:04:00","date_gmt":"2022-09-28T18:04:00","guid":{"rendered":"http:\/\/climalife.com\/product\/azonositas-tisztasag-gc\/"},"modified":"2025-08-12T12:20:00","modified_gmt":"2025-08-12T12:20:00","slug":"azonositas-tisztasag-gc","status":"publish","type":"product","link":"https:\/\/climalife.com\/hu\/product\/azonositas-tisztasag-gc\/","title":{"rendered":"Azonos\u00edt\u00e1s \/ tisztas\u00e1g (GC)*"},"content":{"rendered":"<p>Egynem\u0171 (egy molekula) h\u0171t\u0151k\u00f6zeg bevizsg\u00e1l\u00e1sa. Pl: R-134a, R-22, R-1234ze.<br \/>\n*GC: G\u00e1zkromatogr\u00e1fia.<\/p>\n","protected":false},"excerpt":{"rendered":"<p>A h\u0171t\u0151k\u00f6zeg tisztas\u00e1g\u00e1t m\u00e9ri g\u0151z f\u00e1zisb\u00f3l kromatogr\u00e1fia \u00e1ltal.<\/p>\n","protected":false},"featured_media":109368,"comment_status":"open","ping_status":"closed","template":"","meta":[],"countries":[4674,4709,4756,4813,4831,4862],"product_brand":[],"product_cat":[9987,9976,9949,9940,9967,9994,13061,13096,13130,9248],"product_tag":[],"class_list":{"0":"post-162424","1":"product","2":"type-product","3":"status-publish","4":"has-post-thumbnail","6":"countries-by","7":"countries-cu","8":"countries-ir","9":"countries-kp","10":"countries-ru","11":"countries-sy","12":"product_cat-repulestechnika-urhajozas-vedelem","13":"product_cat-autoipar-kozlekedes","14":"product_cat-epuletek","15":"product_cat-elelmiszeripar","16":"product_cat-egeszseg-jolet","17":"product_cat-egyeb-iparagak","18":"product_cat-legkondicionalas","19":"product_cat-futes","20":"product_cat-hutestechnika","21":"product_cat-hutokozeg-bevizsgalas","22":"pa_packaging-egyseg-hu-25","24":"first","25":"instock","26":"shipping-taxable","27":"purchasable","28":"product-type-variable"},"_links":{"self":[{"href":"https:\/\/climalife.com\/hu\/wp-json\/wp\/v2\/product\/162424","targetHints":{"allow":["GET"]}}],"collection":[{"href":"https:\/\/climalife.com\/hu\/wp-json\/wp\/v2\/product"}],"about":[{"href":"https:\/\/climalife.com\/hu\/wp-json\/wp\/v2\/types\/product"}],"replies":[{"embeddable":true,"href":"https:\/\/climalife.com\/hu\/wp-json\/wp\/v2\/comments?post=162424"}],"wp:featuredmedia":[{"embeddable":true,"href":"https:\/\/climalife.com\/hu\/wp-json\/wp\/v2\/media\/109368"}],"wp:attachment":[{"href":"https:\/\/climalife.com\/hu\/wp-json\/wp\/v2\/media?parent=162424"}],"wp:term":[{"taxonomy":"countries","embeddable":true,"href":"https:\/\/climalife.com\/hu\/wp-json\/wp\/v2\/countries?post=162424"},{"taxonomy":"product_brand","embeddable":true,"href":"https:\/\/climalife.com\/hu\/wp-json\/wp\/v2\/product_brand?post=162424"},{"taxonomy":"product_cat","embeddable":true,"href":"https:\/\/climalife.com\/hu\/wp-json\/wp\/v2\/product_cat?post=162424"},{"taxonomy":"product_tag","embeddable":true,"href":"https:\/\/climalife.com\/hu\/wp-json\/wp\/v2\/product_tag?post=162424"}],"curies":[{"name":"wp","href":"https:\/\/api.w.org\/{rel}","templated":true}]}}