{"id":162436,"date":"2022-09-28T18:04:11","date_gmt":"2022-09-28T18:04:11","guid":{"rendered":"http:\/\/climalife.com\/product\/novaspray-hfc-134a-t\/"},"modified":"2026-01-13T14:51:41","modified_gmt":"2026-01-13T14:51:41","slug":"novaspray-hfc-134a-t","status":"publish","type":"product","link":"https:\/\/climalife.com\/hu\/product\/novaspray-hfc-134a-t\/","title":{"rendered":"NovaSpray\u2122 HFC 134aT"},"content":{"rendered":"<p>Nem gy\u00fal\u00e9kony, sz\u00e1mos felhaszn\u00e1l\u00e1si lehet\u0151s\u00e9get k\u00edn\u00e1l olyan k\u00e9sz\u00edtm\u00e9nyekben, amelyek biztons\u00e1gi k\u00f6vetelm\u00e9nyeknek (szab\u00e1lyoz\u00e1si, kock\u00e1zatos k\u00f6rnyezet, z\u00e1rt t\u00e9r) kell megfelelni\u00fck.<\/p>\n<p>Haszn\u00e1lat\u00e1val sz\u00e1mos k\u00e9sz\u00edtm\u00e9ny gy\u00fal\u00e9konys\u00e1ga cs\u00f6kkenthet\u0151, ak\u00e1r FEA-tesztek szerint t\u0171z\u00e1ll\u00f3v\u00e1 is tehet\u0151.<\/p>\n<p>Alkalmaz\u00e1sa nem ig\u00e9nyel k\u00fcl\u00f6nleges beruh\u00e1z\u00e1st ATEX biztons\u00e1gi berendez\u00e9sek telep\u00edt\u00e9s\u00e9re. Nincs hat\u00e1sa az \u00f3zonr\u00e9tegre, \u00e9s elhanyagolhat\u00f3 a \u00fcvegh\u00e1zhat\u00e1s.<\/p>\n","protected":false},"excerpt":{"rendered":"<p>A NovaSpray\u2122 HFC 134aT aeroszolmin\u0151s\u00e9g\u0171 tetrafluor-et\u00e1n. \u00c1lland\u00f3 min\u0151s\u00e9g\u0171, megfelel a hajt\u00f3g\u00e1zok k\u00f6vetelm\u00e9nyeinek.<\/p>\n","protected":false},"featured_media":207083,"comment_status":"open","ping_status":"closed","template":"","meta":[],"countries":[4674,4709,4756,4813,4831,4862],"product_brand":[],"product_cat":[9976,9949,9994,9760,9407],"product_tag":[],"class_list":{"0":"post-162436","1":"product","2":"type-product","3":"status-publish","4":"has-post-thumbnail","6":"countries-by","7":"countries-cu","8":"countries-ir","9":"countries-kp","10":"countries-ru","11":"countries-sy","12":"product_cat-autoipar-kozlekedes","13":"product_cat-epuletek","14":"product_cat-egyeb-iparagak","15":"product_cat-hajtogazok","16":"product_cat-hfc-hu-86","17":"pa_packaging-hordo-217-i-hu-30","18":"pa_packaging-palack-26-i-hu-32","19":"pa_packaging-palack-88-l-hu-122","20":"pa_packaging-tartaly-930-l-hu-76","21":"pa_packaging-tartalyautos20-tonna-hu-141","23":"first","24":"instock","25":"shipping-taxable","26":"purchasable","27":"product-type-variable"},"_links":{"self":[{"href":"https:\/\/climalife.com\/hu\/wp-json\/wp\/v2\/product\/162436","targetHints":{"allow":["GET"]}}],"collection":[{"href":"https:\/\/climalife.com\/hu\/wp-json\/wp\/v2\/product"}],"about":[{"href":"https:\/\/climalife.com\/hu\/wp-json\/wp\/v2\/types\/product"}],"replies":[{"embeddable":true,"href":"https:\/\/climalife.com\/hu\/wp-json\/wp\/v2\/comments?post=162436"}],"wp:featuredmedia":[{"embeddable":true,"href":"https:\/\/climalife.com\/hu\/wp-json\/wp\/v2\/media\/207083"}],"wp:attachment":[{"href":"https:\/\/climalife.com\/hu\/wp-json\/wp\/v2\/media?parent=162436"}],"wp:term":[{"taxonomy":"countries","embeddable":true,"href":"https:\/\/climalife.com\/hu\/wp-json\/wp\/v2\/countries?post=162436"},{"taxonomy":"product_brand","embeddable":true,"href":"https:\/\/climalife.com\/hu\/wp-json\/wp\/v2\/product_brand?post=162436"},{"taxonomy":"product_cat","embeddable":true,"href":"https:\/\/climalife.com\/hu\/wp-json\/wp\/v2\/product_cat?post=162436"},{"taxonomy":"product_tag","embeddable":true,"href":"https:\/\/climalife.com\/hu\/wp-json\/wp\/v2\/product_tag?post=162436"}],"curies":[{"name":"wp","href":"https:\/\/api.w.org\/{rel}","templated":true}]}}