{"id":162471,"date":"2022-09-28T18:05:06","date_gmt":"2022-09-28T18:05:06","guid":{"rendered":"http:\/\/climalife.com\/product\/facilisolv-csatlakozo-csomag\/"},"modified":"2025-07-14T08:27:32","modified_gmt":"2025-07-14T08:27:32","slug":"facilisolv-csatlakozo-keszlet","status":"publish","type":"product","link":"https:\/\/climalife.com\/hu\/product\/facilisolv-csatlakozo-keszlet\/","title":{"rendered":"Facilisolv csatlakoz\u00f3 k\u00e9szlet"},"content":{"rendered":"<p>25 m-es tekercs PVC vezet\u00e9k + speci\u00e1lis dug\u00f3 + 2 cs\u0151bilincs<\/p>\n","protected":false},"excerpt":{"rendered":"<p>25 m-es tekercs PVC vezet\u00e9k + speci\u00e1lis dug\u00f3 + 2&#8230;<\/p>\n","protected":false},"featured_media":108684,"comment_status":"open","ping_status":"closed","template":"","meta":[],"countries":[4674,4709,4756,4813,4831,4862],"product_brand":[],"product_cat":[9987,9949,9940,9967,9994,13096,13130,9230],"product_tag":[],"class_list":{"0":"post-162471","1":"product","2":"type-product","3":"status-publish","4":"has-post-thumbnail","6":"countries-by","7":"countries-cu","8":"countries-ir","9":"countries-kp","10":"countries-ru","11":"countries-sy","12":"product_cat-repulestechnika-urhajozas-vedelem","13":"product_cat-epuletek","14":"product_cat-elelmiszeripar","15":"product_cat-egeszseg-jolet","16":"product_cat-egyeb-iparagak","17":"product_cat-futes","18":"product_cat-hutestechnika","19":"product_cat-hutoberendezesek-belso-tisztitasa","20":"pa_packaging-egyseg-hu-25","22":"first","23":"instock","24":"shipping-taxable","25":"purchasable","26":"product-type-variable"},"_links":{"self":[{"href":"https:\/\/climalife.com\/hu\/wp-json\/wp\/v2\/product\/162471","targetHints":{"allow":["GET"]}}],"collection":[{"href":"https:\/\/climalife.com\/hu\/wp-json\/wp\/v2\/product"}],"about":[{"href":"https:\/\/climalife.com\/hu\/wp-json\/wp\/v2\/types\/product"}],"replies":[{"embeddable":true,"href":"https:\/\/climalife.com\/hu\/wp-json\/wp\/v2\/comments?post=162471"}],"wp:featuredmedia":[{"embeddable":true,"href":"https:\/\/climalife.com\/hu\/wp-json\/wp\/v2\/media\/108684"}],"wp:attachment":[{"href":"https:\/\/climalife.com\/hu\/wp-json\/wp\/v2\/media?parent=162471"}],"wp:term":[{"taxonomy":"countries","embeddable":true,"href":"https:\/\/climalife.com\/hu\/wp-json\/wp\/v2\/countries?post=162471"},{"taxonomy":"product_brand","embeddable":true,"href":"https:\/\/climalife.com\/hu\/wp-json\/wp\/v2\/product_brand?post=162471"},{"taxonomy":"product_cat","embeddable":true,"href":"https:\/\/climalife.com\/hu\/wp-json\/wp\/v2\/product_cat?post=162471"},{"taxonomy":"product_tag","embeddable":true,"href":"https:\/\/climalife.com\/hu\/wp-json\/wp\/v2\/product_tag?post=162471"}],"curies":[{"name":"wp","href":"https:\/\/api.w.org\/{rel}","templated":true}]}}