{"id":162490,"date":"2022-09-28T18:05:27","date_gmt":"2022-09-28T18:05:27","guid":{"rendered":"http:\/\/climalife.com\/product\/univerzalis-szivattyu\/"},"modified":"2025-07-14T08:28:36","modified_gmt":"2025-07-14T08:28:36","slug":"univerzalis-szivattyu","status":"publish","type":"product","link":"https:\/\/climalife.com\/hu\/product\/univerzalis-szivattyu\/","title":{"rendered":"Univerz\u00e1lis szivatty\u00fa"},"content":{"rendered":"<p>Tartalmaz egy FP430 PP-1000 szivatty\u00facs\u0151-k\u00e9szletet, egy F417 elektromos motort, egy any\u00e1t a szivatty\u00facs\u0151-k\u00e9szlethez (G2).<\/p>\n","protected":false},"excerpt":{"rendered":"<p>Ez a szivatty\u00fa h\u0171t\u0151folyad\u00e9kokkal, ken\u0151anyagokkal \u00e9s tiszt\u00edt\u00f3szereinkkel val\u00f3 haszn\u00e1latra alkalmas .<\/p>\n","protected":false},"featured_media":206895,"comment_status":"open","ping_status":"closed","template":"","meta":[],"countries":[4674,4709,4756,4813,4831,4862],"product_brand":[],"product_cat":[9987,9949,9958,9940,9967,9994,13061,13087,13096,13130,13139,9230],"product_tag":[],"class_list":{"0":"post-162490","1":"product","2":"type-product","3":"status-publish","4":"has-post-thumbnail","6":"countries-by","7":"countries-cu","8":"countries-ir","9":"countries-kp","10":"countries-ru","11":"countries-sy","12":"product_cat-repulestechnika-urhajozas-vedelem","13":"product_cat-epuletek","14":"product_cat-energia","15":"product_cat-elelmiszeripar","16":"product_cat-egeszseg-jolet","17":"product_cat-egyeb-iparagak","18":"product_cat-legkondicionalas","19":"product_cat-tuzvedelem","20":"product_cat-futes","21":"product_cat-hutestechnika","22":"product_cat-megujulo-energia","23":"product_cat-hutoberendezesek-belso-tisztitasa","24":"pa_packaging-egyseg-hu-25","26":"first","27":"instock","28":"shipping-taxable","29":"purchasable","30":"product-type-variable"},"_links":{"self":[{"href":"https:\/\/climalife.com\/hu\/wp-json\/wp\/v2\/product\/162490","targetHints":{"allow":["GET"]}}],"collection":[{"href":"https:\/\/climalife.com\/hu\/wp-json\/wp\/v2\/product"}],"about":[{"href":"https:\/\/climalife.com\/hu\/wp-json\/wp\/v2\/types\/product"}],"replies":[{"embeddable":true,"href":"https:\/\/climalife.com\/hu\/wp-json\/wp\/v2\/comments?post=162490"}],"wp:featuredmedia":[{"embeddable":true,"href":"https:\/\/climalife.com\/hu\/wp-json\/wp\/v2\/media\/206895"}],"wp:attachment":[{"href":"https:\/\/climalife.com\/hu\/wp-json\/wp\/v2\/media?parent=162490"}],"wp:term":[{"taxonomy":"countries","embeddable":true,"href":"https:\/\/climalife.com\/hu\/wp-json\/wp\/v2\/countries?post=162490"},{"taxonomy":"product_brand","embeddable":true,"href":"https:\/\/climalife.com\/hu\/wp-json\/wp\/v2\/product_brand?post=162490"},{"taxonomy":"product_cat","embeddable":true,"href":"https:\/\/climalife.com\/hu\/wp-json\/wp\/v2\/product_cat?post=162490"},{"taxonomy":"product_tag","embeddable":true,"href":"https:\/\/climalife.com\/hu\/wp-json\/wp\/v2\/product_tag?post=162490"}],"curies":[{"name":"wp","href":"https:\/\/api.w.org\/{rel}","templated":true}]}}