{"id":162500,"date":"2022-09-28T18:05:38","date_gmt":"2022-09-28T18:05:38","guid":{"rendered":"http:\/\/climalife.com\/product\/mobil-arctic-shc\/"},"modified":"2026-03-04T10:48:44","modified_gmt":"2026-03-04T10:48:44","slug":"mobil-arctic-shc-200-as-sorozat","status":"publish","type":"product","link":"https:\/\/climalife.com\/hu\/product\/mobil-arctic-shc-200-as-sorozat\/","title":{"rendered":"Mobil Arctic SHC term\u00e9kcsal\u00e1d"},"content":{"rendered":"<div id=\"reference-content\" class=\"textarea mce-content-body\">\n<p>&nbsp;<\/p>\n<p>A sorozathoz tartoz\u00f3 term\u00e9kek: <strong>Mobil Arctic SHC 226 E, Mobil Arctic SHC 228, Mobil Arctic SHC 230 \u00e9s Mobil Arctic SHC 234.<\/strong><\/p>\n<p>A Mobil Gargoyle Arctic SHC 200 sorozatot \u00fagy tervezt\u00e9k, hogy:<br \/>\n&#8211; Kiv\u00e1l\u00f3 kop\u00e1sv\u00e9delemmel ell\u00e1tott optimaliz\u00e1lt kompresszor \u00e9lettartamot biztos\u00edtson.<br \/>\n&#8211; Hossz\u00fa csap\u00e1gy \u00e9lettartamot biutos\u00edtson.<br \/>\n&#8211; Az \u00fczemi h\u0151m\u00e9rs\u00e9kletek sz\u00e9les tartom\u00e1ny\u00e1ban hat\u00e9kony berendez\u00e9sv\u00e9delmet biztos\u00edtson.<\/p>\n<p>A Mobil Gargoyle Arctic SHC 200 sorozat vil\u00e1gszerte elismert \u00e9s nagyra \u00e9rt\u00e9kelt innov\u00e1ci\u00f3s jellege \u00e9s teljes\u00edtm\u00e9nye miatt.<\/p>\n<\/div>\n","protected":false},"excerpt":{"rendered":"<p>Szintetikus h\u0171t\u0151g\u00e9polajok, melyek csak polialfaolefin (PAO) t\u00edpus\u00fa sz\u00e9nhidrog\u00e9neket tartalmaznak.<\/p>\n","protected":false},"featured_media":108387,"comment_status":"open","ping_status":"closed","template":"","meta":[],"countries":[4674,4709,4756,4813,4831,4862],"product_brand":[],"product_cat":[9967,9994,9940,9949,13096,13130,13061,13457],"product_tag":[],"class_list":{"0":"post-162500","1":"product","2":"type-product","3":"status-publish","4":"has-post-thumbnail","6":"countries-by","7":"countries-cu","8":"countries-ir","9":"countries-kp","10":"countries-ru","11":"countries-sy","12":"product_cat-egeszseg-jolet","13":"product_cat-egyeb-iparagak","14":"product_cat-elelmiszeripar","15":"product_cat-epuletek","16":"product_cat-futes","17":"product_cat-hutestechnika","18":"product_cat-legkondicionalas","19":"product_cat-pao-hu","20":"pa_packaging-hordo-208-l-hu-49","21":"pa_packaging-kanna-20-l-hu-36","23":"first","24":"instock","25":"shipping-taxable","26":"purchasable","27":"product-type-variable"},"_links":{"self":[{"href":"https:\/\/climalife.com\/hu\/wp-json\/wp\/v2\/product\/162500","targetHints":{"allow":["GET"]}}],"collection":[{"href":"https:\/\/climalife.com\/hu\/wp-json\/wp\/v2\/product"}],"about":[{"href":"https:\/\/climalife.com\/hu\/wp-json\/wp\/v2\/types\/product"}],"replies":[{"embeddable":true,"href":"https:\/\/climalife.com\/hu\/wp-json\/wp\/v2\/comments?post=162500"}],"wp:featuredmedia":[{"embeddable":true,"href":"https:\/\/climalife.com\/hu\/wp-json\/wp\/v2\/media\/108387"}],"wp:attachment":[{"href":"https:\/\/climalife.com\/hu\/wp-json\/wp\/v2\/media?parent=162500"}],"wp:term":[{"taxonomy":"countries","embeddable":true,"href":"https:\/\/climalife.com\/hu\/wp-json\/wp\/v2\/countries?post=162500"},{"taxonomy":"product_brand","embeddable":true,"href":"https:\/\/climalife.com\/hu\/wp-json\/wp\/v2\/product_brand?post=162500"},{"taxonomy":"product_cat","embeddable":true,"href":"https:\/\/climalife.com\/hu\/wp-json\/wp\/v2\/product_cat?post=162500"},{"taxonomy":"product_tag","embeddable":true,"href":"https:\/\/climalife.com\/hu\/wp-json\/wp\/v2\/product_tag?post=162500"}],"curies":[{"name":"wp","href":"https:\/\/api.w.org\/{rel}","templated":true}]}}