{"id":162509,"date":"2022-09-28T18:05:50","date_gmt":"2022-09-28T18:05:50","guid":{"rendered":"http:\/\/climalife.com\/product\/total-lunaria-fr-32-46-68\/"},"modified":"2025-07-14T08:08:39","modified_gmt":"2025-07-14T08:08:39","slug":"total-lunaria-fr","status":"publish","type":"product","link":"https:\/\/climalife.com\/hu\/product\/total-lunaria-fr\/","title":{"rendered":"Total Lunaria FR sorozat"},"content":{"rendered":"<p>Alkalmaz\u00e1s: Minden t\u00edpus\u00fa h\u0171t\u0151k\u00f6zeg-kompresszorok hengereinek, hajt\u00e1sainak \u00e9s t\u00f6m\u00edt\u00e9seinek ken\u00e9se.<\/p>\n<p>Csavarkompresszorok ken\u00e9se:<\/p>\n<p>-p\u00e1rhuzamos csavarkompresszorok<\/p>\n<p>-egyszemcs\u00e9s csavarkompresszorok Zimmern t\u00edpus\u00fa m\u0171holdas<\/p>\n","protected":false},"excerpt":{"rendered":"<p>\u00c1sv\u00e1nyi nafta olajok, amelyek b\u00e1rmilyen t\u00edpus\u00fa h\u0171t\u0151kompresszor ken\u00e9s\u00e9re haszn\u00e1lhat\u00f3k (Viaszmentes olajok).<\/p>\n","protected":false},"featured_media":108171,"comment_status":"open","ping_status":"closed","template":"","meta":[],"countries":[4674,4709,4756,4813,4831,4862],"product_brand":[],"product_cat":[9987,9940,9967,9994,13061,13096,13130,9347],"product_tag":[],"class_list":{"0":"post-162509","1":"product","2":"type-product","3":"status-publish","4":"has-post-thumbnail","6":"countries-by","7":"countries-cu","8":"countries-ir","9":"countries-kp","10":"countries-ru","11":"countries-sy","12":"product_cat-repulestechnika-urhajozas-vedelem","13":"product_cat-elelmiszeripar","14":"product_cat-egeszseg-jolet","15":"product_cat-egyeb-iparagak","16":"product_cat-legkondicionalas","17":"product_cat-futes","18":"product_cat-hutestechnika","19":"product_cat-asvanyi-olajok","20":"pa_packaging-hordo-208-l-hu-49","21":"pa_packaging-kanna-20-l-hu-174","23":"first","24":"instock","25":"shipping-taxable","26":"purchasable","27":"product-type-variable"},"_links":{"self":[{"href":"https:\/\/climalife.com\/hu\/wp-json\/wp\/v2\/product\/162509","targetHints":{"allow":["GET"]}}],"collection":[{"href":"https:\/\/climalife.com\/hu\/wp-json\/wp\/v2\/product"}],"about":[{"href":"https:\/\/climalife.com\/hu\/wp-json\/wp\/v2\/types\/product"}],"replies":[{"embeddable":true,"href":"https:\/\/climalife.com\/hu\/wp-json\/wp\/v2\/comments?post=162509"}],"wp:featuredmedia":[{"embeddable":true,"href":"https:\/\/climalife.com\/hu\/wp-json\/wp\/v2\/media\/108171"}],"wp:attachment":[{"href":"https:\/\/climalife.com\/hu\/wp-json\/wp\/v2\/media?parent=162509"}],"wp:term":[{"taxonomy":"countries","embeddable":true,"href":"https:\/\/climalife.com\/hu\/wp-json\/wp\/v2\/countries?post=162509"},{"taxonomy":"product_brand","embeddable":true,"href":"https:\/\/climalife.com\/hu\/wp-json\/wp\/v2\/product_brand?post=162509"},{"taxonomy":"product_cat","embeddable":true,"href":"https:\/\/climalife.com\/hu\/wp-json\/wp\/v2\/product_cat?post=162509"},{"taxonomy":"product_tag","embeddable":true,"href":"https:\/\/climalife.com\/hu\/wp-json\/wp\/v2\/product_tag?post=162509"}],"curies":[{"name":"wp","href":"https:\/\/api.w.org\/{rel}","templated":true}]}}