{"id":162528,"date":"2022-09-28T18:06:09","date_gmt":"2022-09-28T18:06:09","guid":{"rendered":"http:\/\/climalife.com\/product\/vegyi-elem-meghatarozas-vizbazisu-anyagoknal\/"},"modified":"2025-07-14T08:08:52","modified_gmt":"2025-07-14T08:08:52","slug":"szilard-reszecskek-meghatarozasa","status":"publish","type":"product","link":"https:\/\/climalife.com\/hu\/product\/szilard-reszecskek-meghatarozasa\/","title":{"rendered":"Szil\u00e1rd r\u00e9szecsk\u00e9k meghat\u00e1roz\u00e1sa v\u00edzb\u00e1zis\u00fa anyagokn\u00e1l"},"content":{"rendered":"","protected":false},"excerpt":{"rendered":"<p>A k\u00f6vetkez\u0151 szil\u00e1rd r\u00e9szecsk\u00e9k beazonos\u00edt\u00e1sa \u00e9s mennyis\u00e9g\u00e9nek m\u00e9r\u00e9se: B-P-Zn-Fe-Cr-Si-Ba-Mg-Cu-Mo-Sn-Pb-Cd-Al-Ni-Ca-Sb-Ag-Na.<\/p>\n","protected":false},"featured_media":107532,"comment_status":"open","ping_status":"closed","template":"","meta":[],"countries":[4674,4709,4756,4813,4831,4862],"product_brand":[],"product_cat":[9987,9949,9940,9967,9994,13061,13096,13130,9482],"product_tag":[],"class_list":{"0":"post-162528","1":"product","2":"type-product","3":"status-publish","4":"has-post-thumbnail","6":"countries-by","7":"countries-cu","8":"countries-ir","9":"countries-kp","10":"countries-ru","11":"countries-sy","12":"product_cat-repulestechnika-urhajozas-vedelem","13":"product_cat-epuletek","14":"product_cat-elelmiszeripar","15":"product_cat-egeszseg-jolet","16":"product_cat-egyeb-iparagak","17":"product_cat-legkondicionalas","18":"product_cat-futes","19":"product_cat-hutestechnika","20":"product_cat-kozvetitokozeg-analizis","21":"pa_packaging-egyseg-hu-25","23":"first","24":"instock","25":"shipping-taxable","26":"purchasable","27":"product-type-variable"},"_links":{"self":[{"href":"https:\/\/climalife.com\/hu\/wp-json\/wp\/v2\/product\/162528","targetHints":{"allow":["GET"]}}],"collection":[{"href":"https:\/\/climalife.com\/hu\/wp-json\/wp\/v2\/product"}],"about":[{"href":"https:\/\/climalife.com\/hu\/wp-json\/wp\/v2\/types\/product"}],"replies":[{"embeddable":true,"href":"https:\/\/climalife.com\/hu\/wp-json\/wp\/v2\/comments?post=162528"}],"wp:featuredmedia":[{"embeddable":true,"href":"https:\/\/climalife.com\/hu\/wp-json\/wp\/v2\/media\/107532"}],"wp:attachment":[{"href":"https:\/\/climalife.com\/hu\/wp-json\/wp\/v2\/media?parent=162528"}],"wp:term":[{"taxonomy":"countries","embeddable":true,"href":"https:\/\/climalife.com\/hu\/wp-json\/wp\/v2\/countries?post=162528"},{"taxonomy":"product_brand","embeddable":true,"href":"https:\/\/climalife.com\/hu\/wp-json\/wp\/v2\/product_brand?post=162528"},{"taxonomy":"product_cat","embeddable":true,"href":"https:\/\/climalife.com\/hu\/wp-json\/wp\/v2\/product_cat?post=162528"},{"taxonomy":"product_tag","embeddable":true,"href":"https:\/\/climalife.com\/hu\/wp-json\/wp\/v2\/product_tag?post=162528"}],"curies":[{"name":"wp","href":"https:\/\/api.w.org\/{rel}","templated":true}]}}