{"id":162537,"date":"2022-09-28T18:06:19","date_gmt":"2022-09-28T18:06:19","guid":{"rendered":"http:\/\/climalife.com\/product\/osszetetel-gc\/"},"modified":"2025-07-14T08:09:53","modified_gmt":"2025-07-14T08:09:53","slug":"osszetetel-gc","status":"publish","type":"product","link":"https:\/\/climalife.com\/hu\/product\/osszetetel-gc\/","title":{"rendered":"\u00d6sszet\u00e9tel (GC)*"},"content":{"rendered":"<p>\u00d6sszet\u00e9tel meghat\u00e1roz\u00e1s (t\u00f6bb molekula). Pl: R-404A, R-507A, R-407F&#8230;<\/p>\n<p>*GC: G\u00e1zkromatogr\u00e1fia.<\/p>\n","protected":false},"excerpt":{"rendered":"<p>A k\u00e9t- vagy h\u00e1romkomponens\u0171 h\u0171t\u0151k\u00f6zegek ar\u00e1nyos \u00f6sszet\u00e9tel\u00e9nek meghat\u00e1roz\u00e1sa.<\/p>\n","protected":false},"featured_media":109377,"comment_status":"open","ping_status":"closed","template":"","meta":[],"countries":[4674,4709,4756,4813,4831,4854,4862],"product_brand":[],"product_cat":[9987,9976,9949,9940,9967,9994,13061,13096,13130,9248],"product_tag":[],"class_list":{"0":"post-162537","1":"product","2":"type-product","3":"status-publish","4":"has-post-thumbnail","6":"countries-by","7":"countries-cu","8":"countries-ir","9":"countries-kp","10":"countries-ru","11":"countries-es","12":"countries-sy","13":"product_cat-repulestechnika-urhajozas-vedelem","14":"product_cat-autoipar-kozlekedes","15":"product_cat-epuletek","16":"product_cat-elelmiszeripar","17":"product_cat-egeszseg-jolet","18":"product_cat-egyeb-iparagak","19":"product_cat-legkondicionalas","20":"product_cat-futes","21":"product_cat-hutestechnika","22":"product_cat-hutokozeg-bevizsgalas","23":"pa_packaging-egyseg-hu-25","25":"first","26":"instock","27":"shipping-taxable","28":"purchasable","29":"product-type-variable"},"_links":{"self":[{"href":"https:\/\/climalife.com\/hu\/wp-json\/wp\/v2\/product\/162537","targetHints":{"allow":["GET"]}}],"collection":[{"href":"https:\/\/climalife.com\/hu\/wp-json\/wp\/v2\/product"}],"about":[{"href":"https:\/\/climalife.com\/hu\/wp-json\/wp\/v2\/types\/product"}],"replies":[{"embeddable":true,"href":"https:\/\/climalife.com\/hu\/wp-json\/wp\/v2\/comments?post=162537"}],"wp:featuredmedia":[{"embeddable":true,"href":"https:\/\/climalife.com\/hu\/wp-json\/wp\/v2\/media\/109377"}],"wp:attachment":[{"href":"https:\/\/climalife.com\/hu\/wp-json\/wp\/v2\/media?parent=162537"}],"wp:term":[{"taxonomy":"countries","embeddable":true,"href":"https:\/\/climalife.com\/hu\/wp-json\/wp\/v2\/countries?post=162537"},{"taxonomy":"product_brand","embeddable":true,"href":"https:\/\/climalife.com\/hu\/wp-json\/wp\/v2\/product_brand?post=162537"},{"taxonomy":"product_cat","embeddable":true,"href":"https:\/\/climalife.com\/hu\/wp-json\/wp\/v2\/product_cat?post=162537"},{"taxonomy":"product_tag","embeddable":true,"href":"https:\/\/climalife.com\/hu\/wp-json\/wp\/v2\/product_tag?post=162537"}],"curies":[{"name":"wp","href":"https:\/\/api.w.org\/{rel}","templated":true}]}}