{"id":162548,"date":"2022-09-28T18:06:30","date_gmt":"2022-09-28T18:06:30","guid":{"rendered":"http:\/\/climalife.com\/product\/novexpans-ciklopentan\/"},"modified":"2025-08-12T12:13:22","modified_gmt":"2025-08-12T12:13:22","slug":"novexpans-ciklopentan","status":"publish","type":"product","link":"https:\/\/climalife.com\/hu\/product\/novexpans-ciklopentan\/","title":{"rendered":"NOVEXPANS\u2122 ciklopent\u00e1n"},"content":{"rendered":"<p><span class=\"tlid-translation translation\" lang=\"hu\"><span class=\"\" title=\"\">Alacsony h\u0151vezet\u0151 egy\u00fctthat\u00f3ja miatt a NOVEXPANS<sup>TM<\/sup> ciklopent\u00e1nt h\u00e1ztart\u00e1si k\u00e9sz\u00fcl\u00e9kek \u00e9s t\u00f6mb\u00f6k szigetel\u0151 habjainak gy\u00e1rt\u00e1s\u00e1hoz haszn\u00e1lj\u00e1k.<\/span> <span class=\"\" title=\"\">R11-es besorol\u00e1sa el\u0151seg\u00edti a gy\u00fal\u00e9kony term\u00e9kek t\u00e1rol\u00e1s\u00e1ra vonatkoz\u00f3 jogszab\u00e1lyok betart\u00e1s\u00e1t.<\/span> <span class=\"\" title=\"\">Az \u00f3zonr\u00e9tegre \u00e1rtalmatlan NOVEXPANS<sup>TM<\/sup> ciklopent\u00e1n kifejezetten a HCFC 141b helyettes\u00edt\u00e9s\u00e9re alkalmas term\u00e9k.<\/span><\/span><\/p>\n","protected":false},"excerpt":{"rendered":"<p>A NOVEXPANS\u2122 ciklopent\u00e1n garant\u00e1lt specifik\u00e1ci\u00f3kkal (magas ciklopent\u00e1n tartalommal) rendelkez\u0151 term\u00e9k, amelyet habos\u00edt\u00f3szerk\u00e9nt haszn\u00e1lnak a merev poliuret\u00e1n habok t\u00e1g\u00edt\u00e1s\u00e1hoz.<\/p>\n","protected":false},"featured_media":200116,"comment_status":"open","ping_status":"closed","template":"","meta":[],"countries":[4674,4709,4756,4813,4831,4862],"product_brand":[],"product_cat":[9976,9994,9940,9949,9506,13105],"product_tag":[],"class_list":{"0":"post-162548","1":"product","2":"type-product","3":"status-publish","4":"has-post-thumbnail","6":"countries-by","7":"countries-cu","8":"countries-ir","9":"countries-kp","10":"countries-ru","11":"countries-sy","12":"product_cat-autoipar-kozlekedes","13":"product_cat-egyeb-iparagak","14":"product_cat-elelmiszeripar","15":"product_cat-epuletek","16":"product_cat-szenhidrogenek","17":"product_cat-szigeteles","18":"pa_packaging-hordo-217-i-hu-30","19":"pa_packaging-hordo-30-l-hu-78","20":"pa_packaging-tartaly-930-l-hu-76","21":"pa_packaging-tartalyos-hu-168","23":"first","24":"instock","25":"shipping-taxable","26":"purchasable","27":"product-type-variable"},"_links":{"self":[{"href":"https:\/\/climalife.com\/hu\/wp-json\/wp\/v2\/product\/162548","targetHints":{"allow":["GET"]}}],"collection":[{"href":"https:\/\/climalife.com\/hu\/wp-json\/wp\/v2\/product"}],"about":[{"href":"https:\/\/climalife.com\/hu\/wp-json\/wp\/v2\/types\/product"}],"replies":[{"embeddable":true,"href":"https:\/\/climalife.com\/hu\/wp-json\/wp\/v2\/comments?post=162548"}],"wp:featuredmedia":[{"embeddable":true,"href":"https:\/\/climalife.com\/hu\/wp-json\/wp\/v2\/media\/200116"}],"wp:attachment":[{"href":"https:\/\/climalife.com\/hu\/wp-json\/wp\/v2\/media?parent=162548"}],"wp:term":[{"taxonomy":"countries","embeddable":true,"href":"https:\/\/climalife.com\/hu\/wp-json\/wp\/v2\/countries?post=162548"},{"taxonomy":"product_brand","embeddable":true,"href":"https:\/\/climalife.com\/hu\/wp-json\/wp\/v2\/product_brand?post=162548"},{"taxonomy":"product_cat","embeddable":true,"href":"https:\/\/climalife.com\/hu\/wp-json\/wp\/v2\/product_cat?post=162548"},{"taxonomy":"product_tag","embeddable":true,"href":"https:\/\/climalife.com\/hu\/wp-json\/wp\/v2\/product_tag?post=162548"}],"curies":[{"name":"wp","href":"https:\/\/api.w.org\/{rel}","templated":true}]}}