{"id":162559,"date":"2022-09-28T18:06:39","date_gmt":"2022-09-28T18:06:39","guid":{"rendered":"http:\/\/climalife.com\/product\/novexpans-izopentan-t\/"},"modified":"2025-08-12T12:11:05","modified_gmt":"2025-08-12T12:11:05","slug":"novexpans-izopentan-t","status":"publish","type":"product","link":"https:\/\/climalife.com\/hu\/product\/novexpans-izopentan-t\/","title":{"rendered":"NOVEXPANS\u2122 izopent\u00e1n T"},"content":{"rendered":"","protected":false},"excerpt":{"rendered":"<p>A NOVEXPANS\u2122 izopent\u00e1n T egy garant\u00e1lt specifik\u00e1ci\u00f3j\u00fa 2-metil-but\u00e1n (magas izopent\u00e1n-tartalom), amelyet habos\u00edt\u00f3szerk\u00e9nt haszn\u00e1lnak a merev poliuret\u00e1n habok t\u00e1g\u00edt\u00e1s\u00e1hoz.<\/p>\n","protected":false},"featured_media":200116,"comment_status":"open","ping_status":"closed","template":"","meta":[],"countries":[4674,4709,4756,4813,4831,4862],"product_brand":[],"product_cat":[9976,9949,9994,13105,9506],"product_tag":[],"class_list":{"0":"post-162559","1":"product","2":"type-product","3":"status-publish","4":"has-post-thumbnail","6":"countries-by","7":"countries-cu","8":"countries-ir","9":"countries-kp","10":"countries-ru","11":"countries-sy","12":"product_cat-autoipar-kozlekedes","13":"product_cat-epuletek","14":"product_cat-egyeb-iparagak","15":"product_cat-szigeteles","16":"product_cat-szenhidrogenek","17":"pa_packaging-hordo-217-i-hu-30","18":"pa_packaging-tartaly-930-l-hu-76","19":"pa_packaging-tartalyos-hu-168","21":"first","22":"instock","23":"shipping-taxable","24":"purchasable","25":"product-type-variable"},"_links":{"self":[{"href":"https:\/\/climalife.com\/hu\/wp-json\/wp\/v2\/product\/162559","targetHints":{"allow":["GET"]}}],"collection":[{"href":"https:\/\/climalife.com\/hu\/wp-json\/wp\/v2\/product"}],"about":[{"href":"https:\/\/climalife.com\/hu\/wp-json\/wp\/v2\/types\/product"}],"replies":[{"embeddable":true,"href":"https:\/\/climalife.com\/hu\/wp-json\/wp\/v2\/comments?post=162559"}],"wp:featuredmedia":[{"embeddable":true,"href":"https:\/\/climalife.com\/hu\/wp-json\/wp\/v2\/media\/200116"}],"wp:attachment":[{"href":"https:\/\/climalife.com\/hu\/wp-json\/wp\/v2\/media?parent=162559"}],"wp:term":[{"taxonomy":"countries","embeddable":true,"href":"https:\/\/climalife.com\/hu\/wp-json\/wp\/v2\/countries?post=162559"},{"taxonomy":"product_brand","embeddable":true,"href":"https:\/\/climalife.com\/hu\/wp-json\/wp\/v2\/product_brand?post=162559"},{"taxonomy":"product_cat","embeddable":true,"href":"https:\/\/climalife.com\/hu\/wp-json\/wp\/v2\/product_cat?post=162559"},{"taxonomy":"product_tag","embeddable":true,"href":"https:\/\/climalife.com\/hu\/wp-json\/wp\/v2\/product_tag?post=162559"}],"curies":[{"name":"wp","href":"https:\/\/api.w.org\/{rel}","templated":true}]}}