{"id":162566,"date":"2022-09-28T18:06:47","date_gmt":"2022-09-28T18:06:47","guid":{"rendered":"http:\/\/climalife.com\/product\/novaspray-izopentan-izobutan-70-30\/"},"modified":"2025-08-12T12:09:22","modified_gmt":"2025-08-12T12:09:22","slug":"novaspray-izopentan-izobutan-70-30","status":"publish","type":"product","link":"https:\/\/climalife.com\/hu\/product\/novaspray-izopentan-izobutan-70-30\/","title":{"rendered":"NovaSpray \u2122 izopent\u00e1n \/ izobut\u00e1n (70\/30)"},"content":{"rendered":"<p><span class=\"tlid-translation translation\" lang=\"hu\"><span class=\"\" title=\"\">Nagyon specifikus, ez egy foly\u00e9kony \u00e9s egy cseppfoly\u00f3s\u00edtott\u00a0g\u00e1z kever\u00e9ke, amelyet a Climalife fejlesztett ki, hogy megfeleljen a hajform\u00e1z\u00f3 \u00e9s borotv\u00e1lkoz\u00f3 g\u00e9lek k\u00f6vetelm\u00e9nyeinek.<\/span><br \/>\n<span class=\"\" title=\"\">Nincs hat\u00e1sa az \u00f3zonr\u00e9tegre, \u00e9s elhanyagolhat\u00f3 hat\u00e1sa van az \u00fcvegh\u00e1zhat\u00e1sra.<\/span><\/span><\/p>\n","protected":false},"excerpt":{"rendered":"<p>A NovaSprayTM izopent\u00e1n \/ izobut\u00e1n (70\/30) a NovaSprayTM izopent\u00e1n S \u00e9s a NovaSprayTM izobut\u00e1n kever\u00e9ke. \u00c1lland\u00f3 min\u0151s\u00e9g\u0171, megfelel egy hajt\u00f3g\u00e1z k\u00f6vetelm\u00e9nyeinek.<\/p>\n","protected":false},"featured_media":203233,"comment_status":"open","ping_status":"closed","template":"","meta":[],"countries":[4674,4709,4756,4813,4831,4862],"product_brand":[],"product_cat":[9967,9760,9596],"product_tag":[],"class_list":{"0":"post-162566","1":"product","2":"type-product","3":"status-publish","4":"has-post-thumbnail","6":"countries-by","7":"countries-cu","8":"countries-ir","9":"countries-kp","10":"countries-ru","11":"countries-sy","12":"product_cat-egeszseg-jolet","13":"product_cat-hajtogazok","14":"product_cat-szenhidrogenek-hu-83","15":"pa_packaging-tartaly-930-l-hu-76","16":"pa_packaging-tartalyos-hu-168","18":"first","19":"instock","20":"shipping-taxable","21":"purchasable","22":"product-type-variable"},"_links":{"self":[{"href":"https:\/\/climalife.com\/hu\/wp-json\/wp\/v2\/product\/162566","targetHints":{"allow":["GET"]}}],"collection":[{"href":"https:\/\/climalife.com\/hu\/wp-json\/wp\/v2\/product"}],"about":[{"href":"https:\/\/climalife.com\/hu\/wp-json\/wp\/v2\/types\/product"}],"replies":[{"embeddable":true,"href":"https:\/\/climalife.com\/hu\/wp-json\/wp\/v2\/comments?post=162566"}],"wp:featuredmedia":[{"embeddable":true,"href":"https:\/\/climalife.com\/hu\/wp-json\/wp\/v2\/media\/203233"}],"wp:attachment":[{"href":"https:\/\/climalife.com\/hu\/wp-json\/wp\/v2\/media?parent=162566"}],"wp:term":[{"taxonomy":"countries","embeddable":true,"href":"https:\/\/climalife.com\/hu\/wp-json\/wp\/v2\/countries?post=162566"},{"taxonomy":"product_brand","embeddable":true,"href":"https:\/\/climalife.com\/hu\/wp-json\/wp\/v2\/product_brand?post=162566"},{"taxonomy":"product_cat","embeddable":true,"href":"https:\/\/climalife.com\/hu\/wp-json\/wp\/v2\/product_cat?post=162566"},{"taxonomy":"product_tag","embeddable":true,"href":"https:\/\/climalife.com\/hu\/wp-json\/wp\/v2\/product_tag?post=162566"}],"curies":[{"name":"wp","href":"https:\/\/api.w.org\/{rel}","templated":true}]}}