{"id":162580,"date":"2022-09-28T18:06:57","date_gmt":"2022-09-28T18:06:57","guid":{"rendered":"http:\/\/climalife.com\/product\/r-449a\/"},"modified":"2025-08-12T12:07:42","modified_gmt":"2025-08-12T12:07:42","slug":"r-449a","status":"publish","type":"product","link":"https:\/\/climalife.com\/hu\/product\/r-449a\/","title":{"rendered":"R-449A"},"content":{"rendered":"<p>Haszn\u00e1lhat\u00f3 szupermarketekben \u00e9s hipermarketekben h\u0171t\u0151pultokhoz, h\u0171t\u00f6tt rakt\u00e1rakhoz, h\u0171t\u00f6tt \u00e9s m\u00e9lyh\u0171t\u00f6tt \u00e9lelmiszerek eltart\u00e1s\u00e1ra szolg\u00e1l\u00f3 t\u00e1rol\u00f3khoz, valamint h\u0171t\u0151kamionokhoz.<\/p>\n<p>Az R-22 kiv\u00e1lt\u00e1s\u00e1ra is alkalmas az \u00e1t\u00e1ll\u00edt\u00e1si el\u0151\u00edr\u00e1sok betart\u00e1sa mellett.<\/p>\n","protected":false},"excerpt":{"rendered":"<p>Az R-449A HFC\/HFO h\u0171t\u0151k\u00f6zegeket tartalmaz\u00f3 zeotr\u00f3p kever\u00e9k. Azzal a c\u00e9llal tervezt\u00e9k, hogy helyettes\u00edtse az R-404A-t \u00faj \u00e9s megl\u00e9v\u0151 berendez\u00e9sekben, mind ipari mind kereskedelmi h\u0171t\u00e9sben.<\/p>\n","protected":false},"featured_media":120627,"comment_status":"open","ping_status":"closed","template":"","meta":[],"countries":[4674,4709,4756,4813,4831,4862],"product_brand":[],"product_cat":[9976,9967,9994,9940,9608,13130,9987],"product_tag":[],"class_list":{"0":"post-162580","1":"product","2":"type-product","3":"status-publish","4":"has-post-thumbnail","6":"countries-by","7":"countries-cu","8":"countries-ir","9":"countries-kp","10":"countries-ru","11":"countries-sy","12":"product_cat-autoipar-kozlekedes","13":"product_cat-egeszseg-jolet","14":"product_cat-egyeb-iparagak","15":"product_cat-elelmiszeripar","16":"product_cat-hfc-hfo-keverekek","17":"product_cat-hutestechnika","18":"product_cat-repulestechnika-urhajozas-vedelem","19":"pa_packaging-cubikool","20":"pa_packaging-palack-52-l-hu-72","21":"pa_packaging-tartaly-448-l-hu-74","22":"pa_packaging-tartaly-930-l-hu-76","24":"first","25":"instock","26":"shipping-taxable","27":"purchasable","28":"product-type-variable"},"_links":{"self":[{"href":"https:\/\/climalife.com\/hu\/wp-json\/wp\/v2\/product\/162580","targetHints":{"allow":["GET"]}}],"collection":[{"href":"https:\/\/climalife.com\/hu\/wp-json\/wp\/v2\/product"}],"about":[{"href":"https:\/\/climalife.com\/hu\/wp-json\/wp\/v2\/types\/product"}],"replies":[{"embeddable":true,"href":"https:\/\/climalife.com\/hu\/wp-json\/wp\/v2\/comments?post=162580"}],"wp:featuredmedia":[{"embeddable":true,"href":"https:\/\/climalife.com\/hu\/wp-json\/wp\/v2\/media\/120627"}],"wp:attachment":[{"href":"https:\/\/climalife.com\/hu\/wp-json\/wp\/v2\/media?parent=162580"}],"wp:term":[{"taxonomy":"countries","embeddable":true,"href":"https:\/\/climalife.com\/hu\/wp-json\/wp\/v2\/countries?post=162580"},{"taxonomy":"product_brand","embeddable":true,"href":"https:\/\/climalife.com\/hu\/wp-json\/wp\/v2\/product_brand?post=162580"},{"taxonomy":"product_cat","embeddable":true,"href":"https:\/\/climalife.com\/hu\/wp-json\/wp\/v2\/product_cat?post=162580"},{"taxonomy":"product_tag","embeddable":true,"href":"https:\/\/climalife.com\/hu\/wp-json\/wp\/v2\/product_tag?post=162580"}],"curies":[{"name":"wp","href":"https:\/\/api.w.org\/{rel}","templated":true}]}}