{"id":162600,"date":"2022-09-28T18:07:18","date_gmt":"2022-09-28T18:07:18","guid":{"rendered":"http:\/\/climalife.com\/product\/facilisolv-gyujtoedeny\/"},"modified":"2025-08-12T12:06:43","modified_gmt":"2025-08-12T12:06:43","slug":"facilisolv-gyujtoedeny","status":"publish","type":"product","link":"https:\/\/climalife.com\/hu\/product\/facilisolv-gyujtoedeny\/","title":{"rendered":"Facilisolv gy\u0171jt\u0151ed\u00e9ny"},"content":{"rendered":"","protected":false},"excerpt":{"rendered":"<p>A szennyezett Facilisolv visszanyer\u00e9s\u00e9hez<\/p>\n","protected":false},"featured_media":108684,"comment_status":"open","ping_status":"closed","template":"","meta":[],"countries":[4674,4709,4756,4813,4831,4862],"product_brand":[],"product_cat":[9976,9230,9967,9994,9940,9949,13096,13130,13061,9987],"product_tag":[],"class_list":{"0":"post-162600","1":"product","2":"type-product","3":"status-publish","4":"has-post-thumbnail","6":"countries-by","7":"countries-cu","8":"countries-ir","9":"countries-kp","10":"countries-ru","11":"countries-sy","12":"product_cat-autoipar-kozlekedes","13":"product_cat-hutoberendezesek-belso-tisztitasa","14":"product_cat-egeszseg-jolet","15":"product_cat-egyeb-iparagak","16":"product_cat-elelmiszeripar","17":"product_cat-epuletek","18":"product_cat-futes","19":"product_cat-hutestechnika","20":"product_cat-legkondicionalas","21":"product_cat-repulestechnika-urhajozas-vedelem","22":"pa_packaging-hordo-30-i-hu-26","24":"first","25":"instock","26":"shipping-taxable","27":"purchasable","28":"product-type-variable"},"_links":{"self":[{"href":"https:\/\/climalife.com\/hu\/wp-json\/wp\/v2\/product\/162600","targetHints":{"allow":["GET"]}}],"collection":[{"href":"https:\/\/climalife.com\/hu\/wp-json\/wp\/v2\/product"}],"about":[{"href":"https:\/\/climalife.com\/hu\/wp-json\/wp\/v2\/types\/product"}],"replies":[{"embeddable":true,"href":"https:\/\/climalife.com\/hu\/wp-json\/wp\/v2\/comments?post=162600"}],"wp:featuredmedia":[{"embeddable":true,"href":"https:\/\/climalife.com\/hu\/wp-json\/wp\/v2\/media\/108684"}],"wp:attachment":[{"href":"https:\/\/climalife.com\/hu\/wp-json\/wp\/v2\/media?parent=162600"}],"wp:term":[{"taxonomy":"countries","embeddable":true,"href":"https:\/\/climalife.com\/hu\/wp-json\/wp\/v2\/countries?post=162600"},{"taxonomy":"product_brand","embeddable":true,"href":"https:\/\/climalife.com\/hu\/wp-json\/wp\/v2\/product_brand?post=162600"},{"taxonomy":"product_cat","embeddable":true,"href":"https:\/\/climalife.com\/hu\/wp-json\/wp\/v2\/product_cat?post=162600"},{"taxonomy":"product_tag","embeddable":true,"href":"https:\/\/climalife.com\/hu\/wp-json\/wp\/v2\/product_tag?post=162600"}],"curies":[{"name":"wp","href":"https:\/\/api.w.org\/{rel}","templated":true}]}}