{"id":162622,"date":"2022-09-28T18:07:39","date_gmt":"2022-09-28T18:07:39","guid":{"rendered":"http:\/\/climalife.com\/product\/fp-430-pp-1000-buvarcsovek\/"},"modified":"2025-08-12T12:02:21","modified_gmt":"2025-08-12T12:02:21","slug":"fp-430-pp-1000-buvarcsovek","status":"publish","type":"product","link":"https:\/\/climalife.com\/hu\/product\/fp-430-pp-1000-buvarcsovek\/","title":{"rendered":"FP 430 PP &#8211; 1000 b\u00fav\u00e1rcs\u00f6vek"},"content":{"rendered":"","protected":false},"excerpt":{"rendered":"<p>217 literes hord\u00f3hoz<\/p>\n","protected":false},"featured_media":206895,"comment_status":"open","ping_status":"closed","template":"","meta":[],"countries":[4674,4709,4756,4813,4831,4862],"product_brand":[],"product_cat":[9967,9994,9940,9958,9949,13096,13130,9356,13061,13139,9987,13087],"product_tag":[],"class_list":{"0":"post-162622","1":"product","2":"type-product","3":"status-publish","4":"has-post-thumbnail","6":"countries-by","7":"countries-cu","8":"countries-ir","9":"countries-kp","10":"countries-ru","11":"countries-sy","12":"product_cat-egeszseg-jolet","13":"product_cat-egyeb-iparagak","14":"product_cat-elelmiszeripar","15":"product_cat-energia","16":"product_cat-epuletek","17":"product_cat-futes","18":"product_cat-hutestechnika","19":"product_cat-kozvetitokozegek-keringesi-rendszereinek-tisztitasa","20":"product_cat-legkondicionalas","21":"product_cat-megujulo-energia","22":"product_cat-repulestechnika-urhajozas-vedelem","23":"product_cat-tuzvedelem","24":"pa_packaging-egyseg-hu-25","26":"first","27":"instock","28":"shipping-taxable","29":"purchasable","30":"product-type-variable"},"_links":{"self":[{"href":"https:\/\/climalife.com\/hu\/wp-json\/wp\/v2\/product\/162622","targetHints":{"allow":["GET"]}}],"collection":[{"href":"https:\/\/climalife.com\/hu\/wp-json\/wp\/v2\/product"}],"about":[{"href":"https:\/\/climalife.com\/hu\/wp-json\/wp\/v2\/types\/product"}],"replies":[{"embeddable":true,"href":"https:\/\/climalife.com\/hu\/wp-json\/wp\/v2\/comments?post=162622"}],"wp:featuredmedia":[{"embeddable":true,"href":"https:\/\/climalife.com\/hu\/wp-json\/wp\/v2\/media\/206895"}],"wp:attachment":[{"href":"https:\/\/climalife.com\/hu\/wp-json\/wp\/v2\/media?parent=162622"}],"wp:term":[{"taxonomy":"countries","embeddable":true,"href":"https:\/\/climalife.com\/hu\/wp-json\/wp\/v2\/countries?post=162622"},{"taxonomy":"product_brand","embeddable":true,"href":"https:\/\/climalife.com\/hu\/wp-json\/wp\/v2\/product_brand?post=162622"},{"taxonomy":"product_cat","embeddable":true,"href":"https:\/\/climalife.com\/hu\/wp-json\/wp\/v2\/product_cat?post=162622"},{"taxonomy":"product_tag","embeddable":true,"href":"https:\/\/climalife.com\/hu\/wp-json\/wp\/v2\/product_tag?post=162622"}],"curies":[{"name":"wp","href":"https:\/\/api.w.org\/{rel}","templated":true}]}}