{"id":162654,"date":"2022-09-28T18:08:09","date_gmt":"2022-09-28T18:08:09","guid":{"rendered":"http:\/\/climalife.com\/product\/suniso-gs\/"},"modified":"2026-03-19T12:15:37","modified_gmt":"2026-03-19T12:15:37","slug":"suniso-gs","status":"publish","type":"product","link":"https:\/\/climalife.com\/hu\/product\/suniso-gs\/","title":{"rendered":"Suniso GS term\u00e9kcsal\u00e1d"},"content":{"rendered":"","protected":false},"excerpt":{"rendered":"<p>\u00c1sv\u00e1nyi olajok h\u0171t\u0151kompresszorokhoz.<\/p>\n","protected":false},"featured_media":222967,"comment_status":"open","ping_status":"closed","template":"","meta":[],"countries":[4662,4667,4674,4693,4698,4706,4707,4709,4737,4739,4756,4800,4813,4817,4827,4831,4854,4862,4866,4881,4887],"product_brand":[],"product_cat":[9987,9976,9949,9958,9940,9967,9994,13061,13096,13130,9347],"product_tag":[],"class_list":{"0":"post-162654","1":"product","2":"type-product","3":"status-publish","4":"has-post-thumbnail","6":"countries-ar","7":"countries-au","8":"countries-by","9":"countries-ca","10":"countries-cl","11":"countries-cr","12":"countries-ci","13":"countries-cu","14":"countries-gh","15":"countries-gr","16":"countries-ir","17":"countries-mm","18":"countries-kp","19":"countries-pk","20":"countries-pt","21":"countries-ru","22":"countries-es","23":"countries-sy","24":"countries-th","25":"countries-us","26":"countries-ve","27":"product_cat-repulestechnika-urhajozas-vedelem","28":"product_cat-autoipar-kozlekedes","29":"product_cat-epuletek","30":"product_cat-energia","31":"product_cat-elelmiszeripar","32":"product_cat-egeszseg-jolet","33":"product_cat-egyeb-iparagak","34":"product_cat-legkondicionalas","35":"product_cat-futes","36":"product_cat-hutestechnika","37":"product_cat-asvanyi-olajok","38":"pa_packaging-kanna-20-l-hu-36","39":"pa_packaging-kanna-4-l-hu-50","41":"first","42":"instock","43":"shipping-taxable","44":"purchasable","45":"product-type-variable"},"_links":{"self":[{"href":"https:\/\/climalife.com\/hu\/wp-json\/wp\/v2\/product\/162654","targetHints":{"allow":["GET"]}}],"collection":[{"href":"https:\/\/climalife.com\/hu\/wp-json\/wp\/v2\/product"}],"about":[{"href":"https:\/\/climalife.com\/hu\/wp-json\/wp\/v2\/types\/product"}],"replies":[{"embeddable":true,"href":"https:\/\/climalife.com\/hu\/wp-json\/wp\/v2\/comments?post=162654"}],"wp:featuredmedia":[{"embeddable":true,"href":"https:\/\/climalife.com\/hu\/wp-json\/wp\/v2\/media\/222967"}],"wp:attachment":[{"href":"https:\/\/climalife.com\/hu\/wp-json\/wp\/v2\/media?parent=162654"}],"wp:term":[{"taxonomy":"countries","embeddable":true,"href":"https:\/\/climalife.com\/hu\/wp-json\/wp\/v2\/countries?post=162654"},{"taxonomy":"product_brand","embeddable":true,"href":"https:\/\/climalife.com\/hu\/wp-json\/wp\/v2\/product_brand?post=162654"},{"taxonomy":"product_cat","embeddable":true,"href":"https:\/\/climalife.com\/hu\/wp-json\/wp\/v2\/product_cat?post=162654"},{"taxonomy":"product_tag","embeddable":true,"href":"https:\/\/climalife.com\/hu\/wp-json\/wp\/v2\/product_tag?post=162654"}],"curies":[{"name":"wp","href":"https:\/\/api.w.org\/{rel}","templated":true}]}}