{"id":162663,"date":"2022-09-28T18:08:20","date_gmt":"2022-09-28T18:08:20","guid":{"rendered":"http:\/\/climalife.com\/product\/reszecskeszamlalas\/"},"modified":"2025-08-12T11:59:43","modified_gmt":"2025-08-12T11:59:43","slug":"reszecskeszamlalas","status":"publish","type":"product","link":"https:\/\/climalife.com\/hu\/product\/reszecskeszamlalas\/","title":{"rendered":"R\u00e9szecskesz\u00e1ml\u00e1l\u00e1s"},"content":{"rendered":"","protected":false},"excerpt":{"rendered":"<p>A r\u00e9szecsk\u00e9k sz\u00e1m\u00e1nak \u00e9s m\u00e9ret\u00e9nek meghat\u00e1roz\u00e1sa. Lehet\u0151v\u00e9 teszi a be\u00e9p\u00edtend\u0151 sz\u0171r\u0151k m\u00e9retez\u00e9s\u00e9t.<\/p>\n","protected":false},"featured_media":107532,"comment_status":"open","ping_status":"closed","template":"","meta":[],"countries":[4674,4709,4756,4813,4831,4862],"product_brand":[],"product_cat":[9967,9994,9940,9949,13096,13130,9482,13061,9987],"product_tag":[],"class_list":{"0":"post-162663","1":"product","2":"type-product","3":"status-publish","4":"has-post-thumbnail","6":"countries-by","7":"countries-cu","8":"countries-ir","9":"countries-kp","10":"countries-ru","11":"countries-sy","12":"product_cat-egeszseg-jolet","13":"product_cat-egyeb-iparagak","14":"product_cat-elelmiszeripar","15":"product_cat-epuletek","16":"product_cat-futes","17":"product_cat-hutestechnika","18":"product_cat-kozvetitokozeg-analizis","19":"product_cat-legkondicionalas","20":"product_cat-repulestechnika-urhajozas-vedelem","21":"pa_packaging-egyseg-hu-25","23":"first","24":"instock","25":"shipping-taxable","26":"purchasable","27":"product-type-variable"},"_links":{"self":[{"href":"https:\/\/climalife.com\/hu\/wp-json\/wp\/v2\/product\/162663","targetHints":{"allow":["GET"]}}],"collection":[{"href":"https:\/\/climalife.com\/hu\/wp-json\/wp\/v2\/product"}],"about":[{"href":"https:\/\/climalife.com\/hu\/wp-json\/wp\/v2\/types\/product"}],"replies":[{"embeddable":true,"href":"https:\/\/climalife.com\/hu\/wp-json\/wp\/v2\/comments?post=162663"}],"wp:featuredmedia":[{"embeddable":true,"href":"https:\/\/climalife.com\/hu\/wp-json\/wp\/v2\/media\/107532"}],"wp:attachment":[{"href":"https:\/\/climalife.com\/hu\/wp-json\/wp\/v2\/media?parent=162663"}],"wp:term":[{"taxonomy":"countries","embeddable":true,"href":"https:\/\/climalife.com\/hu\/wp-json\/wp\/v2\/countries?post=162663"},{"taxonomy":"product_brand","embeddable":true,"href":"https:\/\/climalife.com\/hu\/wp-json\/wp\/v2\/product_brand?post=162663"},{"taxonomy":"product_cat","embeddable":true,"href":"https:\/\/climalife.com\/hu\/wp-json\/wp\/v2\/product_cat?post=162663"},{"taxonomy":"product_tag","embeddable":true,"href":"https:\/\/climalife.com\/hu\/wp-json\/wp\/v2\/product_tag?post=162663"}],"curies":[{"name":"wp","href":"https:\/\/api.w.org\/{rel}","templated":true}]}}