{"id":162702,"date":"2022-09-28T18:08:49","date_gmt":"2022-09-28T18:08:49","guid":{"rendered":"http:\/\/climalife.com\/product\/solstice-n15-r-515b\/"},"modified":"2026-02-06T07:58:14","modified_gmt":"2026-02-06T07:58:14","slug":"solstice-n15-r-515b","status":"publish","type":"product","link":"https:\/\/climalife.com\/hu\/product\/solstice-n15-r-515b\/","title":{"rendered":"R-515B Solstice\u00ae N15"},"content":{"rendered":"<p>Folyad\u00e9kh\u0171t\u0151kben, h\u0151szivatty\u00fakban valamint magas h\u0151m\u00e9rs\u00e9kleten m\u0171k\u00f6d\u0151 kl\u00edmatechnikai alkalmaz\u00e1sokban is haszn\u00e1lhat\u00f3.\u00a0 K\u00f6zvetlen elp\u00e1rolg\u00e1s\u00fa \u00e9s el\u00e1rasztott elp\u00e1rologtat\u00f3s rendszerekhez is alkalmas.<\/p>\n<p>Poliol\u00e9szter (POE) olajjal haszn\u00e1land\u00f3.<\/p>\n","protected":false},"excerpt":{"rendered":"<p>Az\u00a0R-515B olyan azeotr\u00f3p, nem gy\u00fal\u00e9kony h\u0171t\u0151k\u00f6zeg kever\u00e9k mely fluorozott sz\u00e9nhidrog\u00e9nt (HFC) \u00e9s hidrofluoroolefint (HFO) tartalmaz.<\/p>\n","protected":false},"featured_media":126567,"comment_status":"open","ping_status":"closed","template":"","meta":[],"countries":[4674,4709,4756,4813,4831,4862],"product_brand":[],"product_cat":[9949,9958,9940,9967,9994,13061,13130,9608],"product_tag":[],"class_list":{"0":"post-162702","1":"product","2":"type-product","3":"status-publish","4":"has-post-thumbnail","6":"countries-by","7":"countries-cu","8":"countries-ir","9":"countries-kp","10":"countries-ru","11":"countries-sy","12":"product_cat-epuletek","13":"product_cat-energia","14":"product_cat-elelmiszeripar","15":"product_cat-egeszseg-jolet","16":"product_cat-egyeb-iparagak","17":"product_cat-legkondicionalas","18":"product_cat-hutestechnika","19":"product_cat-hfc-hfo-keverekek","20":"pa_packaging-cubikool","21":"pa_packaging-friostar-hu-69","22":"pa_packaging-palack-52-l-hu-72","23":"pa_packaging-tartaly-448-l-hu-74","24":"pa_packaging-tartaly-930-l-hu-76","26":"first","27":"instock","28":"shipping-taxable","29":"purchasable","30":"product-type-variable"},"_links":{"self":[{"href":"https:\/\/climalife.com\/hu\/wp-json\/wp\/v2\/product\/162702","targetHints":{"allow":["GET"]}}],"collection":[{"href":"https:\/\/climalife.com\/hu\/wp-json\/wp\/v2\/product"}],"about":[{"href":"https:\/\/climalife.com\/hu\/wp-json\/wp\/v2\/types\/product"}],"replies":[{"embeddable":true,"href":"https:\/\/climalife.com\/hu\/wp-json\/wp\/v2\/comments?post=162702"}],"wp:featuredmedia":[{"embeddable":true,"href":"https:\/\/climalife.com\/hu\/wp-json\/wp\/v2\/media\/126567"}],"wp:attachment":[{"href":"https:\/\/climalife.com\/hu\/wp-json\/wp\/v2\/media?parent=162702"}],"wp:term":[{"taxonomy":"countries","embeddable":true,"href":"https:\/\/climalife.com\/hu\/wp-json\/wp\/v2\/countries?post=162702"},{"taxonomy":"product_brand","embeddable":true,"href":"https:\/\/climalife.com\/hu\/wp-json\/wp\/v2\/product_brand?post=162702"},{"taxonomy":"product_cat","embeddable":true,"href":"https:\/\/climalife.com\/hu\/wp-json\/wp\/v2\/product_cat?post=162702"},{"taxonomy":"product_tag","embeddable":true,"href":"https:\/\/climalife.com\/hu\/wp-json\/wp\/v2\/product_tag?post=162702"}],"curies":[{"name":"wp","href":"https:\/\/api.w.org\/{rel}","templated":true}]}}