{"id":162706,"date":"2022-09-28T18:09:01","date_gmt":"2022-09-28T18:09:01","guid":{"rendered":"http:\/\/climalife.com\/product\/r-452a\/"},"modified":"2025-09-09T07:08:53","modified_gmt":"2025-09-09T07:08:53","slug":"r-452a","status":"publish","type":"product","link":"https:\/\/climalife.com\/hu\/product\/r-452a\/","title":{"rendered":"R-452A"},"content":{"rendered":"<p>Poliol-\u00e9szter olaj (POE) haszn\u00e1land\u00f3.<\/p>\n","protected":false},"excerpt":{"rendered":"<p>Az R-452A nem azeotr\u00f3p HFC\/HFO h\u0171t\u0151k\u00f6zegeket tartalmaz\u00f3 kever\u00e9k. Azzal a c\u00e9llal tervezt\u00e9k, hogy helyettes\u00edtse az R-404A-t \u00faj \u00e9s megl\u00e9v\u0151 berendez\u00e9sekben, k\u00fcl\u00f6n\u00f6sen sz\u00e1ll\u00edtm\u00e1nyh\u0171t\u00e9sben.<\/p>\n","protected":false},"featured_media":120510,"comment_status":"open","ping_status":"closed","template":"","meta":[],"countries":[4674,4709,4756,4813,4831,4862],"product_brand":[],"product_cat":[9976,9940,9608,13130,9987],"product_tag":[],"class_list":{"0":"post-162706","1":"product","2":"type-product","3":"status-publish","4":"has-post-thumbnail","6":"countries-by","7":"countries-cu","8":"countries-ir","9":"countries-kp","10":"countries-ru","11":"countries-sy","12":"product_cat-autoipar-kozlekedes","13":"product_cat-elelmiszeripar","14":"product_cat-hfc-hfo-keverekek","15":"product_cat-hutestechnika","16":"product_cat-repulestechnika-urhajozas-vedelem","17":"pa_packaging-friostar-hu-69","18":"pa_packaging-palack-52-l-hu-72","19":"pa_packaging-tartaly-930-l-hu-76","21":"first","22":"instock","23":"shipping-taxable","24":"purchasable","25":"product-type-variable"},"_links":{"self":[{"href":"https:\/\/climalife.com\/hu\/wp-json\/wp\/v2\/product\/162706","targetHints":{"allow":["GET"]}}],"collection":[{"href":"https:\/\/climalife.com\/hu\/wp-json\/wp\/v2\/product"}],"about":[{"href":"https:\/\/climalife.com\/hu\/wp-json\/wp\/v2\/types\/product"}],"replies":[{"embeddable":true,"href":"https:\/\/climalife.com\/hu\/wp-json\/wp\/v2\/comments?post=162706"}],"wp:featuredmedia":[{"embeddable":true,"href":"https:\/\/climalife.com\/hu\/wp-json\/wp\/v2\/media\/120510"}],"wp:attachment":[{"href":"https:\/\/climalife.com\/hu\/wp-json\/wp\/v2\/media?parent=162706"}],"wp:term":[{"taxonomy":"countries","embeddable":true,"href":"https:\/\/climalife.com\/hu\/wp-json\/wp\/v2\/countries?post=162706"},{"taxonomy":"product_brand","embeddable":true,"href":"https:\/\/climalife.com\/hu\/wp-json\/wp\/v2\/product_brand?post=162706"},{"taxonomy":"product_cat","embeddable":true,"href":"https:\/\/climalife.com\/hu\/wp-json\/wp\/v2\/product_cat?post=162706"},{"taxonomy":"product_tag","embeddable":true,"href":"https:\/\/climalife.com\/hu\/wp-json\/wp\/v2\/product_tag?post=162706"}],"curies":[{"name":"wp","href":"https:\/\/api.w.org\/{rel}","templated":true}]}}