{"id":162716,"date":"2022-09-28T18:09:12","date_gmt":"2022-09-28T18:09:12","guid":{"rendered":"http:\/\/climalife.com\/product\/r-744-co2\/"},"modified":"2026-03-16T10:41:20","modified_gmt":"2026-03-16T10:41:20","slug":"r-744-co2","status":"publish","type":"product","link":"https:\/\/climalife.com\/hu\/product\/r-744-co2\/","title":{"rendered":"R-744 (CO2)"},"content":{"rendered":"<p>K\u00f6zvetlen h\u0171t\u00e9sre haszn\u00e1lhat\u00f3 kaszk\u00e1drendszerekben (szubkritikus) HFC, HFO vagy NH3 h\u0171t\u0151k\u00f6zegekkel, vagy booster rendszerekben (transzkritikus).<\/p>\n<p>&nbsp;<\/p>\n","protected":false},"excerpt":{"rendered":"<p>Az R-744 (sz\u00e9n-dioxid) ipari \u00e9s kereskedelmi h\u0171t\u0151berendez\u00e9sekben haszn\u00e1lt h\u0171t\u0151k\u00f6zeg.<\/p>\n","protected":false},"featured_media":121644,"comment_status":"open","ping_status":"closed","template":"","meta":[],"countries":[4674,4709,4756,4813,4831,4862],"product_brand":[],"product_cat":[9976,9692,9967,9994,9940,9949,13096,13130,13061],"product_tag":[],"class_list":{"0":"post-162716","1":"product","2":"type-product","3":"status-publish","4":"has-post-thumbnail","6":"countries-by","7":"countries-cu","8":"countries-ir","9":"countries-kp","10":"countries-ru","11":"countries-sy","12":"product_cat-autoipar-kozlekedes","13":"product_cat-co2-hutokozegek","14":"product_cat-egeszseg-jolet","15":"product_cat-egyeb-iparagak","16":"product_cat-elelmiszeripar","17":"product_cat-epuletek","18":"product_cat-futes","19":"product_cat-hutestechnika","20":"product_cat-legkondicionalas","21":"pa_packaging-9xb50-kaloda-hu-274","22":"pa_packaging-b50-hu-266","23":"pa_packaging-mooviz-hu-312","25":"first","26":"instock","27":"shipping-taxable","28":"purchasable","29":"product-type-variable"},"_links":{"self":[{"href":"https:\/\/climalife.com\/hu\/wp-json\/wp\/v2\/product\/162716","targetHints":{"allow":["GET"]}}],"collection":[{"href":"https:\/\/climalife.com\/hu\/wp-json\/wp\/v2\/product"}],"about":[{"href":"https:\/\/climalife.com\/hu\/wp-json\/wp\/v2\/types\/product"}],"replies":[{"embeddable":true,"href":"https:\/\/climalife.com\/hu\/wp-json\/wp\/v2\/comments?post=162716"}],"wp:featuredmedia":[{"embeddable":true,"href":"https:\/\/climalife.com\/hu\/wp-json\/wp\/v2\/media\/121644"}],"wp:attachment":[{"href":"https:\/\/climalife.com\/hu\/wp-json\/wp\/v2\/media?parent=162716"}],"wp:term":[{"taxonomy":"countries","embeddable":true,"href":"https:\/\/climalife.com\/hu\/wp-json\/wp\/v2\/countries?post=162716"},{"taxonomy":"product_brand","embeddable":true,"href":"https:\/\/climalife.com\/hu\/wp-json\/wp\/v2\/product_brand?post=162716"},{"taxonomy":"product_cat","embeddable":true,"href":"https:\/\/climalife.com\/hu\/wp-json\/wp\/v2\/product_cat?post=162716"},{"taxonomy":"product_tag","embeddable":true,"href":"https:\/\/climalife.com\/hu\/wp-json\/wp\/v2\/product_tag?post=162716"}],"curies":[{"name":"wp","href":"https:\/\/api.w.org\/{rel}","templated":true}]}}