{"id":162725,"date":"2022-09-28T18:09:23","date_gmt":"2022-09-28T18:09:23","guid":{"rendered":"http:\/\/climalife.com\/product\/solstice-n13-r-450a\/"},"modified":"2025-08-12T11:53:28","modified_gmt":"2025-08-12T11:53:28","slug":"solstice-n13-r-450a","status":"publish","type":"product","link":"https:\/\/climalife.com\/hu\/product\/solstice-n13-r-450a\/","title":{"rendered":"R-450A Solstice\u00ae N13"},"content":{"rendered":"<p>A h\u0151m\u00e9rs\u00e9klet cs\u00fasz\u00e1sa kevesebb 1K-n\u00e1l \u00e9s haszn\u00e1lhat\u00f3 direkt elp\u00e1rolg\u00e1s\u00fa \u00e9s el\u00e1rasztott elp\u00e1rologtat\u00f3 rendszerekn\u00e9l.<\/p>\n<p>Poliol-\u00e9szter olaj (POE) haszn\u00e1land\u00f3.<\/p>\n","protected":false},"excerpt":{"rendered":"<p>Az R-450A HFC\/HFO h\u0171t\u0151k\u00f6zegeket tartalmaz\u00f3 \u201ekv\u00e1zi azeotropikus\u201d kever\u00e9k. Az R-134a helyettes\u00edt\u00e9s\u00e9re haszn\u00e1lhat\u00f3 h\u00e1ztart\u00e1si, ipari \u00e9s kereskedelmi h\u0171t\u00e9sben, folyad\u00e9kh\u0171t\u0151kben, h\u0151szivatty\u00fakban valamint a l\u00e9gkondicion\u00e1l\u00e1s ter\u00e9n.<\/p>\n","protected":false},"featured_media":116424,"comment_status":"open","ping_status":"closed","template":"","meta":[],"countries":[4674,4709,4756,4813,4831,4862],"product_brand":[],"product_cat":[9987,9976,9949,9958,9940,9967,9994,13061,13096,13130,9608],"product_tag":[],"class_list":{"0":"post-162725","1":"product","2":"type-product","3":"status-publish","4":"has-post-thumbnail","6":"countries-by","7":"countries-cu","8":"countries-ir","9":"countries-kp","10":"countries-ru","11":"countries-sy","12":"product_cat-repulestechnika-urhajozas-vedelem","13":"product_cat-autoipar-kozlekedes","14":"product_cat-epuletek","15":"product_cat-energia","16":"product_cat-elelmiszeripar","17":"product_cat-egeszseg-jolet","18":"product_cat-egyeb-iparagak","19":"product_cat-legkondicionalas","20":"product_cat-futes","21":"product_cat-hutestechnika","22":"product_cat-hfc-hfo-keverekek","23":"pa_packaging-cubikool","24":"pa_packaging-palack-52-l-hu-72","25":"pa_packaging-tartaly-448-l-hu-74","26":"pa_packaging-tartaly-930-l-hu-76","28":"first","29":"instock","30":"shipping-taxable","31":"purchasable","32":"product-type-variable"},"_links":{"self":[{"href":"https:\/\/climalife.com\/hu\/wp-json\/wp\/v2\/product\/162725","targetHints":{"allow":["GET"]}}],"collection":[{"href":"https:\/\/climalife.com\/hu\/wp-json\/wp\/v2\/product"}],"about":[{"href":"https:\/\/climalife.com\/hu\/wp-json\/wp\/v2\/types\/product"}],"replies":[{"embeddable":true,"href":"https:\/\/climalife.com\/hu\/wp-json\/wp\/v2\/comments?post=162725"}],"wp:featuredmedia":[{"embeddable":true,"href":"https:\/\/climalife.com\/hu\/wp-json\/wp\/v2\/media\/116424"}],"wp:attachment":[{"href":"https:\/\/climalife.com\/hu\/wp-json\/wp\/v2\/media?parent=162725"}],"wp:term":[{"taxonomy":"countries","embeddable":true,"href":"https:\/\/climalife.com\/hu\/wp-json\/wp\/v2\/countries?post=162725"},{"taxonomy":"product_brand","embeddable":true,"href":"https:\/\/climalife.com\/hu\/wp-json\/wp\/v2\/product_brand?post=162725"},{"taxonomy":"product_cat","embeddable":true,"href":"https:\/\/climalife.com\/hu\/wp-json\/wp\/v2\/product_cat?post=162725"},{"taxonomy":"product_tag","embeddable":true,"href":"https:\/\/climalife.com\/hu\/wp-json\/wp\/v2\/product_tag?post=162725"}],"curies":[{"name":"wp","href":"https:\/\/api.w.org\/{rel}","templated":true}]}}