{"id":162772,"date":"2022-09-28T18:10:06","date_gmt":"2022-09-28T18:10:06","guid":{"rendered":"http:\/\/climalife.com\/product\/mini-check\/"},"modified":"2025-07-14T07:58:42","modified_gmt":"2025-07-14T07:58:42","slug":"mini-check","status":"publish","type":"product","link":"https:\/\/climalife.com\/hu\/product\/mini-check\/","title":{"rendered":"Mini-Check"},"content":{"rendered":"","protected":false},"excerpt":{"rendered":"<p>Legkisebb sziv\u00e1rg\u00e1si mennyis\u00e9g R-134a: 5 g\/\u00e9v; az elektronikus sziv\u00e1rg\u00e1skeres\u0151 k\u00e9sz\u00fcl\u00e9kek m\u0171k\u00f6d\u0151k\u00e9pess\u00e9g\u00e9nek ellen\u0151rz\u00e9s\u00e9hez a sziv\u00e1rg\u00e1skeres\u00e9s megkezd\u00e9se el\u0151tt.<\/p>\n","protected":false},"featured_media":108918,"comment_status":"open","ping_status":"closed","template":"","meta":[],"countries":[4674,4709,4756,4813,4831,4854,4862],"product_brand":[],"product_cat":[9987,9976,9949,9958,9940,9967,9994,13061,13114,13130,9373],"product_tag":[],"class_list":{"0":"post-162772","1":"product","2":"type-product","3":"status-publish","4":"has-post-thumbnail","6":"countries-by","7":"countries-cu","8":"countries-ir","9":"countries-kp","10":"countries-ru","11":"countries-es","12":"countries-sy","13":"product_cat-repulestechnika-urhajozas-vedelem","14":"product_cat-autoipar-kozlekedes","15":"product_cat-epuletek","16":"product_cat-energia","17":"product_cat-elelmiszeripar","18":"product_cat-egeszseg-jolet","19":"product_cat-egyeb-iparagak","20":"product_cat-legkondicionalas","21":"product_cat-orc-szerves-rankine-ciklus","22":"product_cat-hutestechnika","23":"product_cat-mobil-szivargaserzekeles","24":"pa_packaging-egyseg-hu-25","26":"first","27":"instock","28":"shipping-taxable","29":"purchasable","30":"product-type-variable"},"_links":{"self":[{"href":"https:\/\/climalife.com\/hu\/wp-json\/wp\/v2\/product\/162772","targetHints":{"allow":["GET"]}}],"collection":[{"href":"https:\/\/climalife.com\/hu\/wp-json\/wp\/v2\/product"}],"about":[{"href":"https:\/\/climalife.com\/hu\/wp-json\/wp\/v2\/types\/product"}],"replies":[{"embeddable":true,"href":"https:\/\/climalife.com\/hu\/wp-json\/wp\/v2\/comments?post=162772"}],"wp:featuredmedia":[{"embeddable":true,"href":"https:\/\/climalife.com\/hu\/wp-json\/wp\/v2\/media\/108918"}],"wp:attachment":[{"href":"https:\/\/climalife.com\/hu\/wp-json\/wp\/v2\/media?parent=162772"}],"wp:term":[{"taxonomy":"countries","embeddable":true,"href":"https:\/\/climalife.com\/hu\/wp-json\/wp\/v2\/countries?post=162772"},{"taxonomy":"product_brand","embeddable":true,"href":"https:\/\/climalife.com\/hu\/wp-json\/wp\/v2\/product_brand?post=162772"},{"taxonomy":"product_cat","embeddable":true,"href":"https:\/\/climalife.com\/hu\/wp-json\/wp\/v2\/product_cat?post=162772"},{"taxonomy":"product_tag","embeddable":true,"href":"https:\/\/climalife.com\/hu\/wp-json\/wp\/v2\/product_tag?post=162772"}],"curies":[{"name":"wp","href":"https:\/\/api.w.org\/{rel}","templated":true}]}}