{"id":162801,"date":"2022-09-28T18:10:39","date_gmt":"2022-09-28T18:10:39","guid":{"rendered":"http:\/\/climalife.com\/product\/r-508b\/"},"modified":"2025-08-12T11:43:26","modified_gmt":"2025-08-12T11:43:26","slug":"r-508b","status":"publish","type":"product","link":"https:\/\/climalife.com\/hu\/product\/r-508b\/","title":{"rendered":"R-508B"},"content":{"rendered":"<p>Az R-503 helyettes\u00edt\u0151je.<\/p>\n","protected":false},"excerpt":{"rendered":"<p>Az R-508B egy olyan azeotr\u00f3p HFC kever\u00e9k, amelyet nagyon alacsony h\u0151m\u00e9rs\u00e9kleten m\u0171k\u00f6d\u0151 h\u0171t\u0151berendez\u00e9sekben alkalmaznak.<\/p>\n","protected":false},"featured_media":206234,"comment_status":"open","ping_status":"closed","template":"","meta":[],"countries":[4674,4709,4756,4813,4831,4862],"product_brand":[],"product_cat":[9967,9994,9446,13130,9987],"product_tag":[],"class_list":{"0":"post-162801","1":"product","2":"type-product","3":"status-publish","4":"has-post-thumbnail","6":"countries-by","7":"countries-cu","8":"countries-ir","9":"countries-kp","10":"countries-ru","11":"countries-sy","12":"product_cat-egeszseg-jolet","13":"product_cat-egyeb-iparagak","14":"product_cat-hfc-hu-33","15":"product_cat-hutestechnika","16":"product_cat-repulestechnika-urhajozas-vedelem","17":"pa_packaging-palack-134-l-hu-115","18":"pa_packaging-palack-50-l-hu-118","19":"pa_packaging-palack-6-i-hu-244","21":"first","22":"instock","23":"shipping-taxable","24":"purchasable","25":"product-type-variable"},"_links":{"self":[{"href":"https:\/\/climalife.com\/hu\/wp-json\/wp\/v2\/product\/162801","targetHints":{"allow":["GET"]}}],"collection":[{"href":"https:\/\/climalife.com\/hu\/wp-json\/wp\/v2\/product"}],"about":[{"href":"https:\/\/climalife.com\/hu\/wp-json\/wp\/v2\/types\/product"}],"replies":[{"embeddable":true,"href":"https:\/\/climalife.com\/hu\/wp-json\/wp\/v2\/comments?post=162801"}],"wp:featuredmedia":[{"embeddable":true,"href":"https:\/\/climalife.com\/hu\/wp-json\/wp\/v2\/media\/206234"}],"wp:attachment":[{"href":"https:\/\/climalife.com\/hu\/wp-json\/wp\/v2\/media?parent=162801"}],"wp:term":[{"taxonomy":"countries","embeddable":true,"href":"https:\/\/climalife.com\/hu\/wp-json\/wp\/v2\/countries?post=162801"},{"taxonomy":"product_brand","embeddable":true,"href":"https:\/\/climalife.com\/hu\/wp-json\/wp\/v2\/product_brand?post=162801"},{"taxonomy":"product_cat","embeddable":true,"href":"https:\/\/climalife.com\/hu\/wp-json\/wp\/v2\/product_cat?post=162801"},{"taxonomy":"product_tag","embeddable":true,"href":"https:\/\/climalife.com\/hu\/wp-json\/wp\/v2\/product_tag?post=162801"}],"curies":[{"name":"wp","href":"https:\/\/api.w.org\/{rel}","templated":true}]}}