{"id":162871,"date":"2022-09-28T18:11:49","date_gmt":"2022-09-28T18:11:49","guid":{"rendered":"http:\/\/climalife.com\/product\/solstice-l41y-r-452b\/"},"modified":"2025-09-09T07:15:12","modified_gmt":"2025-09-09T07:15:12","slug":"solstice-l41y-r-452b","status":"publish","type":"product","link":"https:\/\/climalife.com\/hu\/product\/solstice-l41y-r-452b\/","title":{"rendered":"R-452B Solstice\u00ae L41y"},"content":{"rendered":"<p>A Honeywell \u00e1ltal gy\u00e1rtott \u00faj h\u0171t\u0151k\u00f6zeg sz\u00e1mos el\u0151nnyel b\u00edr az R-410A \u00e9s R-32 h\u0171t\u0151k\u00f6zegekhez k\u00e9pest:<\/p>\n<ul>\n<li>\u00a0 Ugyanaz az  <strong>\u00fczemi nyom\u00e1sa, mint az R-410A-nak<\/strong>, elker\u00fclve a cs\u0151vezet\u00e9kek, forraszt\u00e1si \u00e9s csomagol\u00e1si rendszerek \u00fajratervez\u00e9s\u00e9t<\/span><\/span>.<\/li>\n<li>\u00a0Az <strong>R-410A-hoz k\u00e9pest alacsonyabb t\u00f6meg\u00e1ram\u00fa<\/strong>, ami 10-15% -kal kisebb t\u00f6ltetet ig\u00e9nyel a megl\u00e9v\u0151 berendez\u00e9sekhez k\u00e9pest.<\/li>\n<li><strong>F\u00f6l\u00fclm\u00falja az R-32-t<\/strong> f\u0171t\u00e9si \u00fczemm\u00f3dban \u00e9s magas k\u00f6rnyezeti h\u0151m\u00e9rs\u00e9kleten, a magasabb kritikus h\u00f5m\u00e9rs\u00e9klet (77,1\u00b0C) \u00e9s az alacsonyabb elp\u00e1rologtat\u00e1si h\u00f5m\u00e9rs\u00e9kleten t\u00f6rt\u00e9n\u0151 sz\u00e9lesebb m\u0171k\u00f6d\u00e9si tartom\u00e1ny miatt<\/li>\n<\/ul>\n","protected":false},"excerpt":{"rendered":"<p>Az R-452B HFC\/HFO h\u0171t\u0151k\u00f6zegeket tartalmaz\u00f3 nem azeotropikus kever\u00e9k. Azzal a c\u00e9llal tervezt\u00e9k, hogy helyettes\u00edtse az R-410A-t \u00faj berendez\u00e9sekben, k\u00fcl\u00f6n\u00f6sen h\u0151szivatt\u00fakban, Roof Top \u00e9s VRF t\u00edpus\u00fa kereskedelmi berendez\u00e9sekben \u00e9s alacsony nyom\u00e1s\u00fa folyad\u00e9kh\u0171t\u0151kben (leveg\u0151\/v\u00edz).<\/p>\n","protected":false},"featured_media":125424,"comment_status":"open","ping_status":"closed","template":"","meta":[],"countries":[4674,4709,4756,4813,4831,4862],"product_brand":[],"product_cat":[9949,13061,9608],"product_tag":[],"class_list":{"0":"post-162871","1":"product","2":"type-product","3":"status-publish","4":"has-post-thumbnail","6":"countries-by","7":"countries-cu","8":"countries-ir","9":"countries-kp","10":"countries-ru","11":"countries-sy","12":"product_cat-epuletek","13":"product_cat-legkondicionalas","14":"product_cat-hfc-hfo-keverekek","15":"pa_packaging-friostar-hu-69","16":"pa_packaging-ministar-hu-339","17":"pa_packaging-palack-12-l-hu-92","18":"pa_packaging-palack-52-l-hu-72","19":"pa_packaging-tartaly-448-l-hu-74","20":"pa_packaging-tartaly-930-l-hu-76","22":"first","23":"instock","24":"shipping-taxable","25":"purchasable","26":"product-type-variable"},"_links":{"self":[{"href":"https:\/\/climalife.com\/hu\/wp-json\/wp\/v2\/product\/162871","targetHints":{"allow":["GET"]}}],"collection":[{"href":"https:\/\/climalife.com\/hu\/wp-json\/wp\/v2\/product"}],"about":[{"href":"https:\/\/climalife.com\/hu\/wp-json\/wp\/v2\/types\/product"}],"replies":[{"embeddable":true,"href":"https:\/\/climalife.com\/hu\/wp-json\/wp\/v2\/comments?post=162871"}],"wp:featuredmedia":[{"embeddable":true,"href":"https:\/\/climalife.com\/hu\/wp-json\/wp\/v2\/media\/125424"}],"wp:attachment":[{"href":"https:\/\/climalife.com\/hu\/wp-json\/wp\/v2\/media?parent=162871"}],"wp:term":[{"taxonomy":"countries","embeddable":true,"href":"https:\/\/climalife.com\/hu\/wp-json\/wp\/v2\/countries?post=162871"},{"taxonomy":"product_brand","embeddable":true,"href":"https:\/\/climalife.com\/hu\/wp-json\/wp\/v2\/product_brand?post=162871"},{"taxonomy":"product_cat","embeddable":true,"href":"https:\/\/climalife.com\/hu\/wp-json\/wp\/v2\/product_cat?post=162871"},{"taxonomy":"product_tag","embeddable":true,"href":"https:\/\/climalife.com\/hu\/wp-json\/wp\/v2\/product_tag?post=162871"}],"curies":[{"name":"wp","href":"https:\/\/api.w.org\/{rel}","templated":true}]}}