{"id":162888,"date":"2022-09-28T18:12:10","date_gmt":"2022-09-28T18:12:10","guid":{"rendered":"http:\/\/climalife.com\/product\/g2-csavaranya-buvarcsohoz\/"},"modified":"2025-08-12T11:28:47","modified_gmt":"2025-08-12T11:28:47","slug":"g2-csavaranya-buvarcsohoz","status":"publish","type":"product","link":"https:\/\/climalife.com\/hu\/product\/g2-csavaranya-buvarcsohoz\/","title":{"rendered":"G2 csavaranya b\u00fav\u00e1rcs\u0151h\u00f6z"},"content":{"rendered":"","protected":false},"excerpt":{"rendered":"<p>K\u00fcl\u00f6n k\u00e9r\u00e9sre.<\/p>\n","protected":false},"featured_media":206895,"comment_status":"open","ping_status":"closed","template":"","meta":[],"countries":[4674,4709,4756,4813,4831,4862],"product_brand":[],"product_cat":[9987,9949,9958,9940,9967,9994,13061,13087,13096,13130,13139,9356],"product_tag":[],"class_list":{"0":"post-162888","1":"product","2":"type-product","3":"status-publish","4":"has-post-thumbnail","6":"countries-by","7":"countries-cu","8":"countries-ir","9":"countries-kp","10":"countries-ru","11":"countries-sy","12":"product_cat-repulestechnika-urhajozas-vedelem","13":"product_cat-epuletek","14":"product_cat-energia","15":"product_cat-elelmiszeripar","16":"product_cat-egeszseg-jolet","17":"product_cat-egyeb-iparagak","18":"product_cat-legkondicionalas","19":"product_cat-tuzvedelem","20":"product_cat-futes","21":"product_cat-hutestechnika","22":"product_cat-megujulo-energia","23":"product_cat-kozvetitokozegek-keringesi-rendszereinek-tisztitasa","24":"pa_packaging-egyseg-hu-25","26":"first","27":"instock","28":"shipping-taxable","29":"purchasable","30":"product-type-variable"},"_links":{"self":[{"href":"https:\/\/climalife.com\/hu\/wp-json\/wp\/v2\/product\/162888","targetHints":{"allow":["GET"]}}],"collection":[{"href":"https:\/\/climalife.com\/hu\/wp-json\/wp\/v2\/product"}],"about":[{"href":"https:\/\/climalife.com\/hu\/wp-json\/wp\/v2\/types\/product"}],"replies":[{"embeddable":true,"href":"https:\/\/climalife.com\/hu\/wp-json\/wp\/v2\/comments?post=162888"}],"wp:featuredmedia":[{"embeddable":true,"href":"https:\/\/climalife.com\/hu\/wp-json\/wp\/v2\/media\/206895"}],"wp:attachment":[{"href":"https:\/\/climalife.com\/hu\/wp-json\/wp\/v2\/media?parent=162888"}],"wp:term":[{"taxonomy":"countries","embeddable":true,"href":"https:\/\/climalife.com\/hu\/wp-json\/wp\/v2\/countries?post=162888"},{"taxonomy":"product_brand","embeddable":true,"href":"https:\/\/climalife.com\/hu\/wp-json\/wp\/v2\/product_brand?post=162888"},{"taxonomy":"product_cat","embeddable":true,"href":"https:\/\/climalife.com\/hu\/wp-json\/wp\/v2\/product_cat?post=162888"},{"taxonomy":"product_tag","embeddable":true,"href":"https:\/\/climalife.com\/hu\/wp-json\/wp\/v2\/product_tag?post=162888"}],"curies":[{"name":"wp","href":"https:\/\/api.w.org\/{rel}","templated":true}]}}