{"id":162897,"date":"2022-09-28T18:12:19","date_gmt":"2022-09-28T18:12:19","guid":{"rendered":"http:\/\/climalife.com\/product\/fluorescent-f\/"},"modified":"2025-08-12T11:27:44","modified_gmt":"2025-08-12T11:27:44","slug":"fluorescent-f","status":"publish","type":"product","link":"https:\/\/climalife.com\/hu\/product\/fluorescent-f\/","title":{"rendered":"Fluorescent F"},"content":{"rendered":"<p>1 liter Fluorescent F 10m3-t kezel.<\/p>\n","protected":false},"excerpt":{"rendered":"<p>A Fluorescent F h\u0171t\u0151k\u00f6zeggel m\u0171k\u00f6d\u0151 rendszerekben a sziv\u00e1rg\u00e1sok felkutat\u00e1s\u00e1ra szolg\u00e1l.<br \/>\nEz az adal\u00e9kanyag k\u00fcl\u00f6n\u00f6sen alkalmas monoetil\u00e9n-glikol vagy monopropil\u00e9n-glikol alap\u00fa h\u0171t\u0151k\u00f6zegek sziv\u00e1rg\u00e1sainak felkutat\u00e1s\u00e1ra, an\u00e9lk\u00fcl, hogy megv\u00e1ltoztatn\u00e1 a k\u00f6rnyezetet. Ultraibolya l\u00e1mpa seg\u00edts\u00e9g\u00e9vel gyorsan \u00e9s hat\u00e9konyan azonos\u00edthat\u00f3 a sziv\u00e1rg\u00e1s helye.<\/p>\n","protected":false},"featured_media":130968,"comment_status":"open","ping_status":"closed","template":"","meta":[],"countries":[4674,4709,4756,4813,4831,4862],"product_brand":[],"product_cat":[9967,9994,9940,9958,9949,13096,13130,9715,13061,13139,9987,13087],"product_tag":[],"class_list":{"0":"post-162897","1":"product","2":"type-product","3":"status-publish","4":"has-post-thumbnail","6":"countries-by","7":"countries-cu","8":"countries-ir","9":"countries-kp","10":"countries-ru","11":"countries-sy","12":"product_cat-egeszseg-jolet","13":"product_cat-egyeb-iparagak","14":"product_cat-elelmiszeripar","15":"product_cat-energia","16":"product_cat-epuletek","17":"product_cat-futes","18":"product_cat-hutestechnika","19":"product_cat-kezeles-es-adalekanyagok","20":"product_cat-legkondicionalas","21":"product_cat-megujulo-energia","22":"product_cat-repulestechnika-urhajozas-vedelem","23":"product_cat-tuzvedelem","24":"pa_packaging-kanna-1-l-hu-63","26":"first","27":"instock","28":"shipping-taxable","29":"purchasable","30":"product-type-variable"},"_links":{"self":[{"href":"https:\/\/climalife.com\/hu\/wp-json\/wp\/v2\/product\/162897","targetHints":{"allow":["GET"]}}],"collection":[{"href":"https:\/\/climalife.com\/hu\/wp-json\/wp\/v2\/product"}],"about":[{"href":"https:\/\/climalife.com\/hu\/wp-json\/wp\/v2\/types\/product"}],"replies":[{"embeddable":true,"href":"https:\/\/climalife.com\/hu\/wp-json\/wp\/v2\/comments?post=162897"}],"wp:featuredmedia":[{"embeddable":true,"href":"https:\/\/climalife.com\/hu\/wp-json\/wp\/v2\/media\/130968"}],"wp:attachment":[{"href":"https:\/\/climalife.com\/hu\/wp-json\/wp\/v2\/media?parent=162897"}],"wp:term":[{"taxonomy":"countries","embeddable":true,"href":"https:\/\/climalife.com\/hu\/wp-json\/wp\/v2\/countries?post=162897"},{"taxonomy":"product_brand","embeddable":true,"href":"https:\/\/climalife.com\/hu\/wp-json\/wp\/v2\/product_brand?post=162897"},{"taxonomy":"product_cat","embeddable":true,"href":"https:\/\/climalife.com\/hu\/wp-json\/wp\/v2\/product_cat?post=162897"},{"taxonomy":"product_tag","embeddable":true,"href":"https:\/\/climalife.com\/hu\/wp-json\/wp\/v2\/product_tag?post=162897"}],"curies":[{"name":"wp","href":"https:\/\/api.w.org\/{rel}","templated":true}]}}