{"id":162915,"date":"2022-09-28T18:12:43","date_gmt":"2022-09-28T18:12:43","guid":{"rendered":"http:\/\/climalife.com\/product\/r-407c\/"},"modified":"2025-08-12T11:26:19","modified_gmt":"2025-08-12T11:26:19","slug":"r-407c","status":"publish","type":"product","link":"https:\/\/climalife.com\/hu\/product\/r-407c\/","title":{"rendered":"R-407C"},"content":{"rendered":"","protected":false},"excerpt":{"rendered":"<p>Az R-407C egy olyan nem azeotr\u00f3p HFC kever\u00e9k, melyet az R-22 v\u00e9gleges helyettes\u00edt\u00e9s\u00e9re fejlesztettek ki a l\u00e9gkondicion\u00e1l\u00e1s ter\u00fclet\u00e9n.<\/p>\n","protected":false},"featured_media":108909,"comment_status":"open","ping_status":"closed","template":"","meta":[],"countries":[4674,4709,4756,4813,4831,4862],"product_brand":[],"product_cat":[9967,9940,9958,9949,13096,9446,13130,13061],"product_tag":[],"class_list":{"0":"post-162915","1":"product","2":"type-product","3":"status-publish","4":"has-post-thumbnail","6":"countries-by","7":"countries-cu","8":"countries-ir","9":"countries-kp","10":"countries-ru","11":"countries-sy","12":"product_cat-egeszseg-jolet","13":"product_cat-elelmiszeripar","14":"product_cat-energia","15":"product_cat-epuletek","16":"product_cat-futes","17":"product_cat-hfc-hu-33","18":"product_cat-hutestechnika","19":"product_cat-legkondicionalas","20":"pa_packaging-cubikool","21":"pa_packaging-friostar-hu-69","22":"pa_packaging-palack-52-l-hu-72","23":"pa_packaging-tartaly-448-l-hu-74","24":"pa_packaging-tartaly-930-l-hu-76","26":"first","27":"instock","28":"shipping-taxable","29":"purchasable","30":"product-type-variable"},"_links":{"self":[{"href":"https:\/\/climalife.com\/hu\/wp-json\/wp\/v2\/product\/162915","targetHints":{"allow":["GET"]}}],"collection":[{"href":"https:\/\/climalife.com\/hu\/wp-json\/wp\/v2\/product"}],"about":[{"href":"https:\/\/climalife.com\/hu\/wp-json\/wp\/v2\/types\/product"}],"replies":[{"embeddable":true,"href":"https:\/\/climalife.com\/hu\/wp-json\/wp\/v2\/comments?post=162915"}],"wp:featuredmedia":[{"embeddable":true,"href":"https:\/\/climalife.com\/hu\/wp-json\/wp\/v2\/media\/108909"}],"wp:attachment":[{"href":"https:\/\/climalife.com\/hu\/wp-json\/wp\/v2\/media?parent=162915"}],"wp:term":[{"taxonomy":"countries","embeddable":true,"href":"https:\/\/climalife.com\/hu\/wp-json\/wp\/v2\/countries?post=162915"},{"taxonomy":"product_brand","embeddable":true,"href":"https:\/\/climalife.com\/hu\/wp-json\/wp\/v2\/product_brand?post=162915"},{"taxonomy":"product_cat","embeddable":true,"href":"https:\/\/climalife.com\/hu\/wp-json\/wp\/v2\/product_cat?post=162915"},{"taxonomy":"product_tag","embeddable":true,"href":"https:\/\/climalife.com\/hu\/wp-json\/wp\/v2\/product_tag?post=162915"}],"curies":[{"name":"wp","href":"https:\/\/api.w.org\/{rel}","templated":true}]}}