{"id":162924,"date":"2022-09-28T18:12:55","date_gmt":"2022-09-28T18:12:55","guid":{"rendered":"http:\/\/climalife.com\/product\/bitzer-bse-32-170\/"},"modified":"2025-08-12T11:22:36","modified_gmt":"2025-08-12T11:22:36","slug":"bitzer-bse-32-55-170","status":"publish","type":"product","link":"https:\/\/climalife.com\/hu\/product\/bitzer-bse-32-55-170\/","title":{"rendered":"Bitzer BSE"},"content":{"rendered":"","protected":false},"excerpt":{"rendered":"<p>Poli\u00e9szter olajok h\u0171t\u0151kompresszorokhoz<\/p>\n","protected":false},"featured_media":108396,"comment_status":"open","ping_status":"closed","template":"","meta":[],"countries":[4674,4709,4756,4813,4831,4862],"product_brand":[],"product_cat":[9987,9976,9949,9940,9967,9994,13061,13096,13130,13421],"product_tag":[],"class_list":{"0":"post-162924","1":"product","2":"type-product","3":"status-publish","4":"has-post-thumbnail","6":"countries-by","7":"countries-cu","8":"countries-ir","9":"countries-kp","10":"countries-ru","11":"countries-sy","12":"product_cat-repulestechnika-urhajozas-vedelem","13":"product_cat-autoipar-kozlekedes","14":"product_cat-epuletek","15":"product_cat-elelmiszeripar","16":"product_cat-egeszseg-jolet","17":"product_cat-egyeb-iparagak","18":"product_cat-legkondicionalas","19":"product_cat-futes","20":"product_cat-hutestechnika","21":"product_cat-poe-hu","22":"pa_packaging-hordo-200-i-hu-39","23":"pa_packaging-kanna-1-l-hu-63","24":"pa_packaging-kanna-10-l-hu-58","25":"pa_packaging-kanna-5-l-hu-35","27":"first","28":"instock","29":"shipping-taxable","30":"purchasable","31":"product-type-variable"},"_links":{"self":[{"href":"https:\/\/climalife.com\/hu\/wp-json\/wp\/v2\/product\/162924","targetHints":{"allow":["GET"]}}],"collection":[{"href":"https:\/\/climalife.com\/hu\/wp-json\/wp\/v2\/product"}],"about":[{"href":"https:\/\/climalife.com\/hu\/wp-json\/wp\/v2\/types\/product"}],"replies":[{"embeddable":true,"href":"https:\/\/climalife.com\/hu\/wp-json\/wp\/v2\/comments?post=162924"}],"wp:featuredmedia":[{"embeddable":true,"href":"https:\/\/climalife.com\/hu\/wp-json\/wp\/v2\/media\/108396"}],"wp:attachment":[{"href":"https:\/\/climalife.com\/hu\/wp-json\/wp\/v2\/media?parent=162924"}],"wp:term":[{"taxonomy":"countries","embeddable":true,"href":"https:\/\/climalife.com\/hu\/wp-json\/wp\/v2\/countries?post=162924"},{"taxonomy":"product_brand","embeddable":true,"href":"https:\/\/climalife.com\/hu\/wp-json\/wp\/v2\/product_brand?post=162924"},{"taxonomy":"product_cat","embeddable":true,"href":"https:\/\/climalife.com\/hu\/wp-json\/wp\/v2\/product_cat?post=162924"},{"taxonomy":"product_tag","embeddable":true,"href":"https:\/\/climalife.com\/hu\/wp-json\/wp\/v2\/product_tag?post=162924"}],"curies":[{"name":"wp","href":"https:\/\/api.w.org\/{rel}","templated":true}]}}