{"id":162954,"date":"2022-09-28T18:13:25","date_gmt":"2022-09-28T18:13:25","guid":{"rendered":"http:\/\/climalife.com\/product\/novexpans-n-butan-izobutan-70-30\/"},"modified":"2025-07-31T12:30:11","modified_gmt":"2025-07-31T12:30:11","slug":"novexpans-n-butan-izobutan-70-30","status":"publish","type":"product","link":"https:\/\/climalife.com\/hu\/product\/novexpans-n-butan-izobutan-70-30\/","title":{"rendered":"NOVEXPANS\u2122 n-but\u00e1n\/izobut\u00e1n (70\/30)"},"content":{"rendered":"<p><span class=\"tlid-translation translation\" lang=\"hu\"><span class=\"\" title=\"\">A HCFC-term\u00e9kek helyettes\u00edt\u00e9s\u00e9re aj\u00e1nlott az \u00f3zonr\u00e9tegre gyakorolt \u200b\u200bhat\u00e1s n\u00e9lk\u00fcl.<\/span><\/span><\/p>\n","protected":false},"excerpt":{"rendered":"<p>A NOVEXPANS\u2122 n-but\u00e1n \/ izobut\u00e1n (70\/30) speci\u00e1lisan szagtalan\u00edtott, garant\u00e1lt el\u0151\u00edr\u00e1soknak megfelel\u0151 n-but\u00e1n \u00e9s izobut\u00e1n kever\u00e9ke. Polisztirolhabok duzzaszt\u00e1s\u00e1ra haszn\u00e1lhat\u00f3, p\u00e9ld\u00e1ul csomagol\u00f3t\u00e1lc\u00e1k gy\u00e1rt\u00e1s\u00e1hoz.<\/p>\n","protected":false},"featured_media":202564,"comment_status":"open","ping_status":"closed","template":"","meta":[],"countries":[4674,4709,4756,4813,4831,4862],"product_brand":[],"product_cat":[9976,9994,9940,9949,9506,13105],"product_tag":[],"class_list":{"0":"post-162954","1":"product","2":"type-product","3":"status-publish","4":"has-post-thumbnail","6":"countries-by","7":"countries-cu","8":"countries-ir","9":"countries-kp","10":"countries-ru","11":"countries-sy","12":"product_cat-autoipar-kozlekedes","13":"product_cat-egyeb-iparagak","14":"product_cat-elelmiszeripar","15":"product_cat-epuletek","16":"product_cat-szenhidrogenek","17":"product_cat-szigeteles","18":"pa_packaging-hordo-217-i-hu-30","19":"pa_packaging-palack-26-i-hu-32","20":"pa_packaging-palack-88-l-hu-122","21":"pa_packaging-tartaly-930-l-hu-76","22":"pa_packaging-tartalyos-hu-168","24":"first","25":"instock","26":"shipping-taxable","27":"purchasable","28":"product-type-variable"},"_links":{"self":[{"href":"https:\/\/climalife.com\/hu\/wp-json\/wp\/v2\/product\/162954","targetHints":{"allow":["GET"]}}],"collection":[{"href":"https:\/\/climalife.com\/hu\/wp-json\/wp\/v2\/product"}],"about":[{"href":"https:\/\/climalife.com\/hu\/wp-json\/wp\/v2\/types\/product"}],"replies":[{"embeddable":true,"href":"https:\/\/climalife.com\/hu\/wp-json\/wp\/v2\/comments?post=162954"}],"wp:featuredmedia":[{"embeddable":true,"href":"https:\/\/climalife.com\/hu\/wp-json\/wp\/v2\/media\/202564"}],"wp:attachment":[{"href":"https:\/\/climalife.com\/hu\/wp-json\/wp\/v2\/media?parent=162954"}],"wp:term":[{"taxonomy":"countries","embeddable":true,"href":"https:\/\/climalife.com\/hu\/wp-json\/wp\/v2\/countries?post=162954"},{"taxonomy":"product_brand","embeddable":true,"href":"https:\/\/climalife.com\/hu\/wp-json\/wp\/v2\/product_brand?post=162954"},{"taxonomy":"product_cat","embeddable":true,"href":"https:\/\/climalife.com\/hu\/wp-json\/wp\/v2\/product_cat?post=162954"},{"taxonomy":"product_tag","embeddable":true,"href":"https:\/\/climalife.com\/hu\/wp-json\/wp\/v2\/product_tag?post=162954"}],"curies":[{"name":"wp","href":"https:\/\/api.w.org\/{rel}","templated":true}]}}