{"id":162972,"date":"2022-09-28T18:13:45","date_gmt":"2022-09-28T18:13:45","guid":{"rendered":"http:\/\/climalife.com\/product\/gongyoleg-visszanyereshez-artalmatlanitashoz\/"},"modified":"2025-08-12T11:15:53","modified_gmt":"2025-08-12T11:15:53","slug":"gongyoleg-visszanyereshez-artalmatlanitashoz","status":"publish","type":"product","link":"https:\/\/climalife.com\/hu\/product\/gongyoleg-visszanyereshez-artalmatlanitashoz\/","title":{"rendered":"G\u00f6ngy\u00f6leg visszanyer\u00e9shez \/ \u00e1rtalmatlan\u00edt\u00e1shoz"},"content":{"rendered":"","protected":false},"excerpt":{"rendered":"<p>G\u00f6ngy\u00f6leg rendelkez\u00e9sre bocs\u00e1t\u00e1sa.<\/p>\n","protected":false},"featured_media":202710,"comment_status":"open","ping_status":"closed","template":"","meta":[],"countries":[4674,4709,4756,4813,4831,4862],"product_brand":[],"product_cat":[9967,9994,9940,9958,13096,13130,13061,13139,9987,13087,9733],"product_tag":[],"class_list":{"0":"post-162972","1":"product","2":"type-product","3":"status-publish","4":"has-post-thumbnail","6":"countries-by","7":"countries-cu","8":"countries-ir","9":"countries-kp","10":"countries-ru","11":"countries-sy","12":"product_cat-egeszseg-jolet","13":"product_cat-egyeb-iparagak","14":"product_cat-elelmiszeripar","15":"product_cat-energia","16":"product_cat-futes","17":"product_cat-hutestechnika","18":"product_cat-legkondicionalas","19":"product_cat-megujulo-energia","20":"product_cat-repulestechnika-urhajozas-vedelem","21":"product_cat-tuzvedelem","22":"product_cat-kozvetitokozegek-visszanyerese-es-regeneralasa","23":"pa_packaging-hordo-217-i-hu-30","24":"pa_packaging-hordo-60-l-hu-232","25":"pa_packaging-tartaly-1000-l-hu-157","27":"first","28":"instock","29":"shipping-taxable","30":"purchasable","31":"product-type-variable"},"_links":{"self":[{"href":"https:\/\/climalife.com\/hu\/wp-json\/wp\/v2\/product\/162972","targetHints":{"allow":["GET"]}}],"collection":[{"href":"https:\/\/climalife.com\/hu\/wp-json\/wp\/v2\/product"}],"about":[{"href":"https:\/\/climalife.com\/hu\/wp-json\/wp\/v2\/types\/product"}],"replies":[{"embeddable":true,"href":"https:\/\/climalife.com\/hu\/wp-json\/wp\/v2\/comments?post=162972"}],"wp:featuredmedia":[{"embeddable":true,"href":"https:\/\/climalife.com\/hu\/wp-json\/wp\/v2\/media\/202710"}],"wp:attachment":[{"href":"https:\/\/climalife.com\/hu\/wp-json\/wp\/v2\/media?parent=162972"}],"wp:term":[{"taxonomy":"countries","embeddable":true,"href":"https:\/\/climalife.com\/hu\/wp-json\/wp\/v2\/countries?post=162972"},{"taxonomy":"product_brand","embeddable":true,"href":"https:\/\/climalife.com\/hu\/wp-json\/wp\/v2\/product_brand?post=162972"},{"taxonomy":"product_cat","embeddable":true,"href":"https:\/\/climalife.com\/hu\/wp-json\/wp\/v2\/product_cat?post=162972"},{"taxonomy":"product_tag","embeddable":true,"href":"https:\/\/climalife.com\/hu\/wp-json\/wp\/v2\/product_tag?post=162972"}],"curies":[{"name":"wp","href":"https:\/\/api.w.org\/{rel}","templated":true}]}}