{"id":162982,"date":"2022-09-28T18:13:54","date_gmt":"2022-09-28T18:13:54","guid":{"rendered":"http:\/\/climalife.com\/product\/r-407a\/"},"modified":"2025-08-13T18:19:09","modified_gmt":"2025-08-13T18:19:09","slug":"r-407a","status":"publish","type":"product","link":"https:\/\/climalife.com\/hu\/product\/r-407a\/","title":{"rendered":"R-407A"},"content":{"rendered":"<p>Kereskedelmi h\u0171t\u00e9sben norm\u00e1l- \u00e9s h\u0171t\u0151tartom\u00e1nyban haszn\u00e1lhat\u00f3, ahol kor\u00e1bban R-22-t \u00e9s R-404A-t haszn\u00e1ltak.<\/p>\n","protected":false},"excerpt":{"rendered":"<p>Az R-407A nem azeot\u00f3p HFC kever\u00e9k.<\/p>\n","protected":false},"featured_media":109125,"comment_status":"open","ping_status":"closed","template":"","meta":[],"countries":[4674,4709,4756,4813,4831,4862],"product_brand":[],"product_cat":[9976,9967,9994,9940,9958,9446,13130,9987],"product_tag":[],"class_list":{"0":"post-162982","1":"product","2":"type-product","3":"status-publish","4":"has-post-thumbnail","6":"countries-by","7":"countries-cu","8":"countries-ir","9":"countries-kp","10":"countries-ru","11":"countries-sy","12":"product_cat-autoipar-kozlekedes","13":"product_cat-egeszseg-jolet","14":"product_cat-egyeb-iparagak","15":"product_cat-elelmiszeripar","16":"product_cat-energia","17":"product_cat-hfc-hu-33","18":"product_cat-hutestechnika","19":"product_cat-repulestechnika-urhajozas-vedelem","20":"pa_packaging-cubikool","21":"pa_packaging-friostar-hu-69","22":"pa_packaging-palack-52-l-hu-72","23":"pa_packaging-tartaly-448-l-hu-74","24":"pa_packaging-tartaly-930-l-hu-76","26":"first","27":"instock","28":"shipping-taxable","29":"purchasable","30":"product-type-variable"},"_links":{"self":[{"href":"https:\/\/climalife.com\/hu\/wp-json\/wp\/v2\/product\/162982","targetHints":{"allow":["GET"]}}],"collection":[{"href":"https:\/\/climalife.com\/hu\/wp-json\/wp\/v2\/product"}],"about":[{"href":"https:\/\/climalife.com\/hu\/wp-json\/wp\/v2\/types\/product"}],"replies":[{"embeddable":true,"href":"https:\/\/climalife.com\/hu\/wp-json\/wp\/v2\/comments?post=162982"}],"wp:featuredmedia":[{"embeddable":true,"href":"https:\/\/climalife.com\/hu\/wp-json\/wp\/v2\/media\/109125"}],"wp:attachment":[{"href":"https:\/\/climalife.com\/hu\/wp-json\/wp\/v2\/media?parent=162982"}],"wp:term":[{"taxonomy":"countries","embeddable":true,"href":"https:\/\/climalife.com\/hu\/wp-json\/wp\/v2\/countries?post=162982"},{"taxonomy":"product_brand","embeddable":true,"href":"https:\/\/climalife.com\/hu\/wp-json\/wp\/v2\/product_brand?post=162982"},{"taxonomy":"product_cat","embeddable":true,"href":"https:\/\/climalife.com\/hu\/wp-json\/wp\/v2\/product_cat?post=162982"},{"taxonomy":"product_tag","embeddable":true,"href":"https:\/\/climalife.com\/hu\/wp-json\/wp\/v2\/product_tag?post=162982"}],"curies":[{"name":"wp","href":"https:\/\/api.w.org\/{rel}","templated":true}]}}