{"id":163012,"date":"2022-09-28T18:14:28","date_gmt":"2022-09-28T18:14:28","guid":{"rendered":"http:\/\/climalife.com\/product\/total-planetelf-acd\/"},"modified":"2025-08-12T11:09:35","modified_gmt":"2025-08-12T11:09:35","slug":"total-planetelf-acd","status":"publish","type":"product","link":"https:\/\/climalife.com\/hu\/product\/total-planetelf-acd\/","title":{"rendered":"Total Planetelf ACD term\u00e9kcsal\u00e1d"},"content":{"rendered":"<p>Alkalmaz\u00e1s minden H-FKW h\u0171t\u0151k\u00f6zeggel: R134a, R404A, R407C, R410A, R507, R23&#8230;<br \/>\nA PLANETELF ACD 32, 46 \u00e9s 68 term\u00e9kek <span id=\"result_box\" lang=\"de\"><span class=\"hps\"> dugatty\u00fas kompresszorokhoz<\/span> alkalmasak.<br \/>\n<\/span><\/p>\n<p>A Planetelf ACD 68, 100 FY, 150 FY \u00e9s 220 FY term\u00e9kek csavaros vagy centrifug\u00e1lis kompresszorokhoz k\u00e9sz\u00fcltek.<\/p>\n","protected":false},"excerpt":{"rendered":"<p>Poliol-\u00e9szter alap\u00fa szintetikus olajak HFC-vel m\u0171k\u00f6d\u0151 h\u0171t\u0151kompresszorokhoz.<\/p>\n","protected":false},"featured_media":108414,"comment_status":"open","ping_status":"closed","template":"","meta":[],"countries":[4674,4709,4756,4813,4831,4862],"product_brand":[],"product_cat":[9976,9967,9994,9940,9949,13096,13130,13061,13421,9987],"product_tag":[],"class_list":{"0":"post-163012","1":"product","2":"type-product","3":"status-publish","4":"has-post-thumbnail","6":"countries-by","7":"countries-cu","8":"countries-ir","9":"countries-kp","10":"countries-ru","11":"countries-sy","12":"product_cat-autoipar-kozlekedes","13":"product_cat-egeszseg-jolet","14":"product_cat-egyeb-iparagak","15":"product_cat-elelmiszeripar","16":"product_cat-epuletek","17":"product_cat-futes","18":"product_cat-hutestechnika","19":"product_cat-legkondicionalas","20":"product_cat-poe-hu","21":"product_cat-repulestechnika-urhajozas-vedelem","22":"pa_packaging-hordo-208-l-hu-49","23":"pa_packaging-kanna-1-l-hu-63","24":"pa_packaging-kanna-20-l-hu-36","25":"pa_packaging-kanna-5-l-hu-35","27":"first","28":"instock","29":"shipping-taxable","30":"purchasable","31":"product-type-variable"},"_links":{"self":[{"href":"https:\/\/climalife.com\/hu\/wp-json\/wp\/v2\/product\/163012","targetHints":{"allow":["GET"]}}],"collection":[{"href":"https:\/\/climalife.com\/hu\/wp-json\/wp\/v2\/product"}],"about":[{"href":"https:\/\/climalife.com\/hu\/wp-json\/wp\/v2\/types\/product"}],"replies":[{"embeddable":true,"href":"https:\/\/climalife.com\/hu\/wp-json\/wp\/v2\/comments?post=163012"}],"wp:featuredmedia":[{"embeddable":true,"href":"https:\/\/climalife.com\/hu\/wp-json\/wp\/v2\/media\/108414"}],"wp:attachment":[{"href":"https:\/\/climalife.com\/hu\/wp-json\/wp\/v2\/media?parent=163012"}],"wp:term":[{"taxonomy":"countries","embeddable":true,"href":"https:\/\/climalife.com\/hu\/wp-json\/wp\/v2\/countries?post=163012"},{"taxonomy":"product_brand","embeddable":true,"href":"https:\/\/climalife.com\/hu\/wp-json\/wp\/v2\/product_brand?post=163012"},{"taxonomy":"product_cat","embeddable":true,"href":"https:\/\/climalife.com\/hu\/wp-json\/wp\/v2\/product_cat?post=163012"},{"taxonomy":"product_tag","embeddable":true,"href":"https:\/\/climalife.com\/hu\/wp-json\/wp\/v2\/product_tag?post=163012"}],"curies":[{"name":"wp","href":"https:\/\/api.w.org\/{rel}","templated":true}]}}