{"id":163032,"date":"2022-09-28T18:14:50","date_gmt":"2022-09-28T18:14:50","guid":{"rendered":"http:\/\/climalife.com\/product\/nem-kondenzalodo-tartalom-gc-vel\/"},"modified":"2025-08-12T10:59:15","modified_gmt":"2025-08-12T10:59:15","slug":"nem-kondenzalodo-tartalom-gc-vel","status":"publish","type":"product","link":"https:\/\/climalife.com\/hu\/product\/nem-kondenzalodo-tartalom-gc-vel\/","title":{"rendered":"Nem kondenz\u00e1l\u00f3d\u00f3 tartalom GC-vel"},"content":{"rendered":"<p>*G\u00e1zkromatogr\u00e1fia<\/p>\n","protected":false},"excerpt":{"rendered":"<p>A h\u0171t\u0151k\u00f6zeg g\u00e1zf\u00e1zis\u00e1nak nem kondenz\u00e1l\u00f3d\u00f3 r\u00e9sz\u00e9nek mennyis\u00e9gi meghat\u00e1roz\u00e1sa.<\/p>\n","protected":false},"featured_media":109359,"comment_status":"open","ping_status":"closed","template":"","meta":[],"countries":[4674,4709,4756,4813,4831,4862],"product_brand":[],"product_cat":[9987,9976,9949,9940,9967,9994,13061,13096,13130,9248],"product_tag":[],"class_list":{"0":"post-163032","1":"product","2":"type-product","3":"status-publish","4":"has-post-thumbnail","6":"countries-by","7":"countries-cu","8":"countries-ir","9":"countries-kp","10":"countries-ru","11":"countries-sy","12":"product_cat-repulestechnika-urhajozas-vedelem","13":"product_cat-autoipar-kozlekedes","14":"product_cat-epuletek","15":"product_cat-elelmiszeripar","16":"product_cat-egeszseg-jolet","17":"product_cat-egyeb-iparagak","18":"product_cat-legkondicionalas","19":"product_cat-futes","20":"product_cat-hutestechnika","21":"product_cat-hutokozeg-bevizsgalas","22":"pa_packaging-egyseg-hu-25","24":"first","25":"instock","26":"shipping-taxable","27":"purchasable","28":"product-type-variable"},"_links":{"self":[{"href":"https:\/\/climalife.com\/hu\/wp-json\/wp\/v2\/product\/163032","targetHints":{"allow":["GET"]}}],"collection":[{"href":"https:\/\/climalife.com\/hu\/wp-json\/wp\/v2\/product"}],"about":[{"href":"https:\/\/climalife.com\/hu\/wp-json\/wp\/v2\/types\/product"}],"replies":[{"embeddable":true,"href":"https:\/\/climalife.com\/hu\/wp-json\/wp\/v2\/comments?post=163032"}],"wp:featuredmedia":[{"embeddable":true,"href":"https:\/\/climalife.com\/hu\/wp-json\/wp\/v2\/media\/109359"}],"wp:attachment":[{"href":"https:\/\/climalife.com\/hu\/wp-json\/wp\/v2\/media?parent=163032"}],"wp:term":[{"taxonomy":"countries","embeddable":true,"href":"https:\/\/climalife.com\/hu\/wp-json\/wp\/v2\/countries?post=163032"},{"taxonomy":"product_brand","embeddable":true,"href":"https:\/\/climalife.com\/hu\/wp-json\/wp\/v2\/product_brand?post=163032"},{"taxonomy":"product_cat","embeddable":true,"href":"https:\/\/climalife.com\/hu\/wp-json\/wp\/v2\/product_cat?post=163032"},{"taxonomy":"product_tag","embeddable":true,"href":"https:\/\/climalife.com\/hu\/wp-json\/wp\/v2\/product_tag?post=163032"}],"curies":[{"name":"wp","href":"https:\/\/api.w.org\/{rel}","templated":true}]}}