{"id":163059,"date":"2022-09-28T18:15:22","date_gmt":"2022-09-28T18:15:22","guid":{"rendered":"http:\/\/climalife.com\/product\/gongyoleg-artalmatlanitasra\/"},"modified":"2025-07-14T07:46:05","modified_gmt":"2025-07-14T07:46:05","slug":"gongyoleg-artalmatlanitasra","status":"publish","type":"product","link":"https:\/\/climalife.com\/hu\/product\/gongyoleg-artalmatlanitasra\/","title":{"rendered":"G\u00f6ngy\u00f6leg \u00e1rtalmatlan\u00edt\u00e1sra Alk\u00e1li"},"content":{"rendered":"","protected":false},"excerpt":{"rendered":"<p>G\u00f6ngy\u00f6leg rendelkez\u00e9sre bocs\u00e1t\u00e1sa \u00e1rtalmatlan\u00edt\u00e1si c\u00e9llal.<\/p>\n","protected":false},"featured_media":202710,"comment_status":"open","ping_status":"closed","template":"","meta":[],"countries":[4674,4709,4756,4813,4831,4862],"product_brand":[],"product_cat":[9987,9949,9958,9940,9967,9994,13061,13087,13096,13130,13139,9733],"product_tag":[],"class_list":{"0":"post-163059","1":"product","2":"type-product","3":"status-publish","4":"has-post-thumbnail","6":"countries-by","7":"countries-cu","8":"countries-ir","9":"countries-kp","10":"countries-ru","11":"countries-sy","12":"product_cat-repulestechnika-urhajozas-vedelem","13":"product_cat-epuletek","14":"product_cat-energia","15":"product_cat-elelmiszeripar","16":"product_cat-egeszseg-jolet","17":"product_cat-egyeb-iparagak","18":"product_cat-legkondicionalas","19":"product_cat-tuzvedelem","20":"product_cat-futes","21":"product_cat-hutestechnika","22":"product_cat-megujulo-energia","23":"product_cat-kozvetitokozegek-visszanyerese-es-regeneralasa","24":"pa_packaging-hordo-140-l","25":"pa_packaging-tartaly-800-l","27":"first","28":"instock","29":"shipping-taxable","30":"purchasable","31":"product-type-variable"},"_links":{"self":[{"href":"https:\/\/climalife.com\/hu\/wp-json\/wp\/v2\/product\/163059","targetHints":{"allow":["GET"]}}],"collection":[{"href":"https:\/\/climalife.com\/hu\/wp-json\/wp\/v2\/product"}],"about":[{"href":"https:\/\/climalife.com\/hu\/wp-json\/wp\/v2\/types\/product"}],"replies":[{"embeddable":true,"href":"https:\/\/climalife.com\/hu\/wp-json\/wp\/v2\/comments?post=163059"}],"wp:featuredmedia":[{"embeddable":true,"href":"https:\/\/climalife.com\/hu\/wp-json\/wp\/v2\/media\/202710"}],"wp:attachment":[{"href":"https:\/\/climalife.com\/hu\/wp-json\/wp\/v2\/media?parent=163059"}],"wp:term":[{"taxonomy":"countries","embeddable":true,"href":"https:\/\/climalife.com\/hu\/wp-json\/wp\/v2\/countries?post=163059"},{"taxonomy":"product_brand","embeddable":true,"href":"https:\/\/climalife.com\/hu\/wp-json\/wp\/v2\/product_brand?post=163059"},{"taxonomy":"product_cat","embeddable":true,"href":"https:\/\/climalife.com\/hu\/wp-json\/wp\/v2\/product_cat?post=163059"},{"taxonomy":"product_tag","embeddable":true,"href":"https:\/\/climalife.com\/hu\/wp-json\/wp\/v2\/product_tag?post=163059"}],"curies":[{"name":"wp","href":"https:\/\/api.w.org\/{rel}","templated":true}]}}