{"id":163090,"date":"2022-09-28T18:15:56","date_gmt":"2022-09-28T18:15:56","guid":{"rendered":"http:\/\/climalife.com\/product\/r-236fa\/"},"modified":"2025-08-12T10:55:03","modified_gmt":"2025-08-12T10:55:03","slug":"r-236fa","status":"publish","type":"product","link":"https:\/\/climalife.com\/hu\/product\/r-236fa\/","title":{"rendered":"R-236fa"},"content":{"rendered":"","protected":false},"excerpt":{"rendered":"<p>Az R-236fa egy olyan fluorozott sz\u00e9nhidrog\u00e9n (HFC), amely f\u0151k\u00e9nt az R-114 \u00e9s R-124 helyettes\u00edt\u00e9s\u00e9re szolg\u00e1l.<\/p>\n","protected":false},"featured_media":130435,"comment_status":"open","ping_status":"closed","template":"","meta":[],"countries":[4674,4709,4756,4813,4831,4862],"product_brand":[],"product_cat":[9958,9949,9446,13061,9987],"product_tag":[],"class_list":{"0":"post-163090","1":"product","2":"type-product","3":"status-publish","4":"has-post-thumbnail","6":"countries-by","7":"countries-cu","8":"countries-ir","9":"countries-kp","10":"countries-ru","11":"countries-sy","12":"product_cat-energia","13":"product_cat-epuletek","14":"product_cat-hfc-hu-33","15":"product_cat-legkondicionalas","16":"product_cat-repulestechnika-urhajozas-vedelem","17":"pa_packaging-palack-125-l-hu-214","18":"pa_packaging-palack-52-l-hu-72","20":"first","21":"instock","22":"shipping-taxable","23":"purchasable","24":"product-type-variable"},"_links":{"self":[{"href":"https:\/\/climalife.com\/hu\/wp-json\/wp\/v2\/product\/163090","targetHints":{"allow":["GET"]}}],"collection":[{"href":"https:\/\/climalife.com\/hu\/wp-json\/wp\/v2\/product"}],"about":[{"href":"https:\/\/climalife.com\/hu\/wp-json\/wp\/v2\/types\/product"}],"replies":[{"embeddable":true,"href":"https:\/\/climalife.com\/hu\/wp-json\/wp\/v2\/comments?post=163090"}],"wp:featuredmedia":[{"embeddable":true,"href":"https:\/\/climalife.com\/hu\/wp-json\/wp\/v2\/media\/130435"}],"wp:attachment":[{"href":"https:\/\/climalife.com\/hu\/wp-json\/wp\/v2\/media?parent=163090"}],"wp:term":[{"taxonomy":"countries","embeddable":true,"href":"https:\/\/climalife.com\/hu\/wp-json\/wp\/v2\/countries?post=163090"},{"taxonomy":"product_brand","embeddable":true,"href":"https:\/\/climalife.com\/hu\/wp-json\/wp\/v2\/product_brand?post=163090"},{"taxonomy":"product_cat","embeddable":true,"href":"https:\/\/climalife.com\/hu\/wp-json\/wp\/v2\/product_cat?post=163090"},{"taxonomy":"product_tag","embeddable":true,"href":"https:\/\/climalife.com\/hu\/wp-json\/wp\/v2\/product_tag?post=163090"}],"curies":[{"name":"wp","href":"https:\/\/api.w.org\/{rel}","templated":true}]}}