{"id":163186,"date":"2022-09-28T18:17:27","date_gmt":"2022-09-28T18:17:27","guid":{"rendered":"http:\/\/climalife.com\/product\/ammonia-viz-olajtartalma\/"},"modified":"2025-07-14T09:18:08","modified_gmt":"2025-07-14T09:18:08","slug":"ammonia-viz-olajtartalma","status":"publish","type":"product","link":"https:\/\/climalife.com\/hu\/product\/ammonia-viz-olajtartalma\/","title":{"rendered":"Amm\u00f3nia v\u00edz-\/olajtartalma"},"content":{"rendered":"","protected":false},"excerpt":{"rendered":"<p>Az NH3 v\u00edz- \u00e9s olajtartalm\u00e1nak mennyis\u00e9gi meghat\u00e1roz\u00e1sa.<\/p>\n","protected":false},"featured_media":107532,"comment_status":"open","ping_status":"closed","template":"","meta":[],"countries":[4674,4709,4756,4813,4831,4854,4862],"product_brand":[],"product_cat":[9940,9994,13096,13130,9248],"product_tag":[],"class_list":{"0":"post-163186","1":"product","2":"type-product","3":"status-publish","4":"has-post-thumbnail","6":"countries-by","7":"countries-cu","8":"countries-ir","9":"countries-kp","10":"countries-ru","11":"countries-es","12":"countries-sy","13":"product_cat-elelmiszeripar","14":"product_cat-egyeb-iparagak","15":"product_cat-futes","16":"product_cat-hutestechnika","17":"product_cat-hutokozeg-bevizsgalas","18":"pa_packaging-egyseg-hu-25","20":"first","21":"instock","22":"shipping-taxable","23":"purchasable","24":"product-type-variable"},"_links":{"self":[{"href":"https:\/\/climalife.com\/hu\/wp-json\/wp\/v2\/product\/163186","targetHints":{"allow":["GET"]}}],"collection":[{"href":"https:\/\/climalife.com\/hu\/wp-json\/wp\/v2\/product"}],"about":[{"href":"https:\/\/climalife.com\/hu\/wp-json\/wp\/v2\/types\/product"}],"replies":[{"embeddable":true,"href":"https:\/\/climalife.com\/hu\/wp-json\/wp\/v2\/comments?post=163186"}],"wp:featuredmedia":[{"embeddable":true,"href":"https:\/\/climalife.com\/hu\/wp-json\/wp\/v2\/media\/107532"}],"wp:attachment":[{"href":"https:\/\/climalife.com\/hu\/wp-json\/wp\/v2\/media?parent=163186"}],"wp:term":[{"taxonomy":"countries","embeddable":true,"href":"https:\/\/climalife.com\/hu\/wp-json\/wp\/v2\/countries?post=163186"},{"taxonomy":"product_brand","embeddable":true,"href":"https:\/\/climalife.com\/hu\/wp-json\/wp\/v2\/product_brand?post=163186"},{"taxonomy":"product_cat","embeddable":true,"href":"https:\/\/climalife.com\/hu\/wp-json\/wp\/v2\/product_cat?post=163186"},{"taxonomy":"product_tag","embeddable":true,"href":"https:\/\/climalife.com\/hu\/wp-json\/wp\/v2\/product_tag?post=163186"}],"curies":[{"name":"wp","href":"https:\/\/api.w.org\/{rel}","templated":true}]}}