{"id":163209,"date":"2022-09-28T18:17:48","date_gmt":"2022-09-28T18:17:48","guid":{"rendered":"http:\/\/climalife.com\/product\/novaspray-n-butan-izobutan-15-bar\/"},"modified":"2026-02-17T08:32:36","modified_gmt":"2026-02-17T08:32:36","slug":"novaspray-n-butan-izobutan-15-bar","status":"publish","type":"product","link":"https:\/\/climalife.com\/hu\/product\/novaspray-n-butan-izobutan-15-bar\/","title":{"rendered":"NovaSpray\u2122 n-but\u00e1n \/ izobut\u00e1n 1,5 bar"},"content":{"rendered":"<p>&#8211; <span class=\"tlid-translation translation\" lang=\"hu\"><span title=\"\">Keverhet\u0151 a NovaSpray<sup>\u2122<\/sup>\u00a0prop\u00e1nnal.<\/span><br \/>\n<span title=\"\">&#8211; Sz\u00e9les k\u00f6rben haszn\u00e1lj\u00e1k a kozmetik\u00e1ban.<\/span><br \/>\n<span class=\"\" title=\"\">&#8211; K\u00fcl\u00f6n\u00f6sen alkalmas kozmetikai habk\u00e9sz\u00edtm\u00e9nyekhez, alacsony s\u0171r\u0171s\u00e9ge miatt gazdas\u00e1gos, nagym\u00e9rt\u00e9kben cs\u00f6kkenti az alkalmazand\u00f3 hajt\u00f3g\u00e1z t\u00f6meg\u00e9t.<\/span><br \/>\n<span class=\"\" title=\"\">&#8211; Kiv\u00e1l\u00f3 keverhet\u0151s\u00e9ge a legt\u00f6bb old\u00f3szerrel nagy rugalmass\u00e1got biztos\u00edt a formul\u00e1z\u00e1sban.<\/span><br \/>\n<span class=\"\" title=\"\">&#8211; Nincs hat\u00e1sa az \u00f3zonr\u00e9tegre, \u00e9s elhanyagolhat\u00f3 m\u00e9rt\u00e9kben befoly\u00e1solja az \u00fcvegh\u00e1zhat\u00e1st<\/span><\/span><\/p>\n","protected":false},"excerpt":{"rendered":"<p>Az \u00e1lland\u00f3 min\u0151s\u00e9g\u0171, a NovaSpray<sup>\u2122<\/sup>\u00a0n-but\u00e1n \/ izobut\u00e1n 1,5 bar kever\u00e9k megfelel a szagtalan\u00edtott hajt\u00f3g\u00e1z minden k\u00f6vetelm\u00e9ny\u00e9nek.<\/p>\n","protected":false},"featured_media":203233,"comment_status":"open","ping_status":"closed","template":"","meta":[],"countries":[4674,4709,4756,4813,4831,4862],"product_brand":[],"product_cat":[9994,9760,9596],"product_tag":[],"class_list":{"0":"post-163209","1":"product","2":"type-product","3":"status-publish","4":"has-post-thumbnail","6":"countries-by","7":"countries-cu","8":"countries-ir","9":"countries-kp","10":"countries-ru","11":"countries-sy","12":"product_cat-egyeb-iparagak","13":"product_cat-hajtogazok","14":"product_cat-szenhidrogenek-hu-83","15":"pa_packaging-palack-26-i-hu-32","16":"pa_packaging-tartaly-448-l-hu-74","18":"first","19":"instock","20":"shipping-taxable","21":"purchasable","22":"product-type-variable"},"_links":{"self":[{"href":"https:\/\/climalife.com\/hu\/wp-json\/wp\/v2\/product\/163209","targetHints":{"allow":["GET"]}}],"collection":[{"href":"https:\/\/climalife.com\/hu\/wp-json\/wp\/v2\/product"}],"about":[{"href":"https:\/\/climalife.com\/hu\/wp-json\/wp\/v2\/types\/product"}],"replies":[{"embeddable":true,"href":"https:\/\/climalife.com\/hu\/wp-json\/wp\/v2\/comments?post=163209"}],"wp:featuredmedia":[{"embeddable":true,"href":"https:\/\/climalife.com\/hu\/wp-json\/wp\/v2\/media\/203233"}],"wp:attachment":[{"href":"https:\/\/climalife.com\/hu\/wp-json\/wp\/v2\/media?parent=163209"}],"wp:term":[{"taxonomy":"countries","embeddable":true,"href":"https:\/\/climalife.com\/hu\/wp-json\/wp\/v2\/countries?post=163209"},{"taxonomy":"product_brand","embeddable":true,"href":"https:\/\/climalife.com\/hu\/wp-json\/wp\/v2\/product_brand?post=163209"},{"taxonomy":"product_cat","embeddable":true,"href":"https:\/\/climalife.com\/hu\/wp-json\/wp\/v2\/product_cat?post=163209"},{"taxonomy":"product_tag","embeddable":true,"href":"https:\/\/climalife.com\/hu\/wp-json\/wp\/v2\/product_tag?post=163209"}],"curies":[{"name":"wp","href":"https:\/\/api.w.org\/{rel}","templated":true}]}}