{"id":163234,"date":"2022-09-28T18:18:08","date_gmt":"2022-09-28T18:18:08","guid":{"rendered":"http:\/\/climalife.com\/product\/r-417a-freontm-mo59\/"},"modified":"2025-08-11T14:21:45","modified_gmt":"2025-08-11T14:21:45","slug":"r-417a-freontm-mo59","status":"publish","type":"product","link":"https:\/\/climalife.com\/hu\/product\/r-417a-freontm-mo59\/","title":{"rendered":"R-417A (FreonTM MO59)"},"content":{"rendered":"<p>Az R-417A c\u00e9lja, hogy kiv\u00e1ltsa az R-22-t (HCFC) l\u00e9gkond\u00edcion\u00e1l\u00f3 berendez\u00e9sekben. Alkalmas az R-22 kiv\u00e1lt\u00e1s\u00e1ra (&#8220;drop-in&#8221;) a megl\u00e9v\u0151 k\u00f6zvetlen elp\u00e1rolg\u00e1s\u00fa rendszerekben.<\/p>\n","protected":false},"excerpt":{"rendered":"<p>Az R-417A (FreonTM MO 59) egy zeotr\u00f3p HFC kever\u00e9k.<\/p>\n","protected":false},"featured_media":108621,"comment_status":"open","ping_status":"closed","template":"","meta":[],"countries":[4674,4709,4756,4813,4831,4862],"product_brand":[],"product_cat":[9949,13061,13096,13130,9446],"product_tag":[],"class_list":{"0":"post-163234","1":"product","2":"type-product","3":"status-publish","4":"has-post-thumbnail","6":"countries-by","7":"countries-cu","8":"countries-ir","9":"countries-kp","10":"countries-ru","11":"countries-sy","12":"product_cat-epuletek","13":"product_cat-legkondicionalas","14":"product_cat-futes","15":"product_cat-hutestechnika","16":"product_cat-hfc-hu-33","17":"pa_packaging-cubikool","18":"pa_packaging-palack-52-l-hu-72","20":"first","21":"instock","22":"shipping-taxable","23":"purchasable","24":"product-type-variable"},"_links":{"self":[{"href":"https:\/\/climalife.com\/hu\/wp-json\/wp\/v2\/product\/163234","targetHints":{"allow":["GET"]}}],"collection":[{"href":"https:\/\/climalife.com\/hu\/wp-json\/wp\/v2\/product"}],"about":[{"href":"https:\/\/climalife.com\/hu\/wp-json\/wp\/v2\/types\/product"}],"replies":[{"embeddable":true,"href":"https:\/\/climalife.com\/hu\/wp-json\/wp\/v2\/comments?post=163234"}],"wp:featuredmedia":[{"embeddable":true,"href":"https:\/\/climalife.com\/hu\/wp-json\/wp\/v2\/media\/108621"}],"wp:attachment":[{"href":"https:\/\/climalife.com\/hu\/wp-json\/wp\/v2\/media?parent=163234"}],"wp:term":[{"taxonomy":"countries","embeddable":true,"href":"https:\/\/climalife.com\/hu\/wp-json\/wp\/v2\/countries?post=163234"},{"taxonomy":"product_brand","embeddable":true,"href":"https:\/\/climalife.com\/hu\/wp-json\/wp\/v2\/product_brand?post=163234"},{"taxonomy":"product_cat","embeddable":true,"href":"https:\/\/climalife.com\/hu\/wp-json\/wp\/v2\/product_cat?post=163234"},{"taxonomy":"product_tag","embeddable":true,"href":"https:\/\/climalife.com\/hu\/wp-json\/wp\/v2\/product_tag?post=163234"}],"curies":[{"name":"wp","href":"https:\/\/api.w.org\/{rel}","templated":true}]}}