{"id":163245,"date":"2022-09-28T18:18:21","date_gmt":"2022-09-28T18:18:21","guid":{"rendered":"http:\/\/climalife.com\/product\/novexpans-n-pentan-ciklopentan-93-7\/"},"modified":"2025-08-11T14:20:18","modified_gmt":"2025-08-11T14:20:18","slug":"novexpans-n-pentan-ciklopentan-93-7","status":"publish","type":"product","link":"https:\/\/climalife.com\/hu\/product\/novexpans-n-pentan-ciklopentan-93-7\/","title":{"rendered":"NOVEXPANS \u2122 n-pent\u00e1n \/ ciklopent\u00e1n (93\/7)"},"content":{"rendered":"<p><span class=\"tlid-translation translation\" lang=\"hu\"><span class=\"\" title=\"\">Ez a speci\u00e1lis k\u00e9sz\u00edtm\u00e9ny olyan term\u00e9ket eredm\u00e9nyez, amelynek specifik\u00e1ci\u00f3i \u00e9s min\u0151s\u00e9ge majdnem megegyezik az n-pent\u00e1nnal, de &#8220;enyh\u00e9n gy\u00fal\u00e9kony&#8221; \u00e9s nem &#8220;rendk\u00edv\u00fcl gy\u00fal\u00e9kony&#8221; kock\u00e1zati mondattal rendelkezik, amelynek fontos el\u0151nyei vannak a term\u00e9k t\u00e1rol\u00e1s\u00e1ban.<\/span><br \/>\n<span class=\"\" title=\"\">A kapott hab nagyon j\u00f3 mechanikai szil\u00e1rds\u00e1ga k\u00fcl\u00f6n\u00f6sen a szigetel\u0151 panelek folyamatos gy\u00e1rt\u00e1sa sor\u00e1n \u00e9rt\u00e9kelhet\u0151.<\/span> <span class=\"\" title=\"\">Gazdas\u00e1gos \u00e9s az \u00f3zonr\u00e9tegre \u00e1rtalmatlan.<\/span><\/span><\/p>\n","protected":false},"excerpt":{"rendered":"<p>A NOVEXPANS\u2122 n-pent\u00e1n \/ ciklopent\u00e1n (93\/7) garant\u00e1lt specifik\u00e1ci\u00f3kkal rendelkez\u0151 n-pent\u00e1n \u00e9s ciklopent\u00e1n kever\u00e9ke, melyet habos\u00edt\u00f3szerk\u00e9nt haszn\u00e1lj\u00e1k a merev poliuret\u00e1n habok t\u00e1gul\u00e1s\u00e1hoz.<\/p>\n","protected":false},"featured_media":203681,"comment_status":"open","ping_status":"closed","template":"","meta":[],"countries":[4674,4709,4756,4813,4831,4862],"product_brand":[],"product_cat":[9976,9949,9940,9994,13105,9506],"product_tag":[],"class_list":{"0":"post-163245","1":"product","2":"type-product","3":"status-publish","4":"has-post-thumbnail","6":"countries-by","7":"countries-cu","8":"countries-ir","9":"countries-kp","10":"countries-ru","11":"countries-sy","12":"product_cat-autoipar-kozlekedes","13":"product_cat-epuletek","14":"product_cat-elelmiszeripar","15":"product_cat-egyeb-iparagak","16":"product_cat-szigeteles","17":"product_cat-szenhidrogenek","18":"pa_packaging-hordo-217-i-hu-30","19":"pa_packaging-tartaly-930-l-hu-76","20":"pa_packaging-tartalyos-hu-168","22":"first","23":"instock","24":"shipping-taxable","25":"purchasable","26":"product-type-variable"},"_links":{"self":[{"href":"https:\/\/climalife.com\/hu\/wp-json\/wp\/v2\/product\/163245","targetHints":{"allow":["GET"]}}],"collection":[{"href":"https:\/\/climalife.com\/hu\/wp-json\/wp\/v2\/product"}],"about":[{"href":"https:\/\/climalife.com\/hu\/wp-json\/wp\/v2\/types\/product"}],"replies":[{"embeddable":true,"href":"https:\/\/climalife.com\/hu\/wp-json\/wp\/v2\/comments?post=163245"}],"wp:featuredmedia":[{"embeddable":true,"href":"https:\/\/climalife.com\/hu\/wp-json\/wp\/v2\/media\/203681"}],"wp:attachment":[{"href":"https:\/\/climalife.com\/hu\/wp-json\/wp\/v2\/media?parent=163245"}],"wp:term":[{"taxonomy":"countries","embeddable":true,"href":"https:\/\/climalife.com\/hu\/wp-json\/wp\/v2\/countries?post=163245"},{"taxonomy":"product_brand","embeddable":true,"href":"https:\/\/climalife.com\/hu\/wp-json\/wp\/v2\/product_brand?post=163245"},{"taxonomy":"product_cat","embeddable":true,"href":"https:\/\/climalife.com\/hu\/wp-json\/wp\/v2\/product_cat?post=163245"},{"taxonomy":"product_tag","embeddable":true,"href":"https:\/\/climalife.com\/hu\/wp-json\/wp\/v2\/product_tag?post=163245"}],"curies":[{"name":"wp","href":"https:\/\/api.w.org\/{rel}","templated":true}]}}