{"id":163251,"date":"2022-09-28T18:18:31","date_gmt":"2022-09-28T18:18:31","guid":{"rendered":"http:\/\/climalife.com\/product\/novaspray-n-butan-izobutan-propan-54-24-22\/"},"modified":"2025-04-02T12:27:53","modified_gmt":"2025-04-02T12:27:53","slug":"novaspray-n-butan-izobutan-propan-54-24-22","status":"publish","type":"product","link":"https:\/\/climalife.com\/hu\/product\/novaspray-n-butan-izobutan-propan-54-24-22\/","title":{"rendered":"NovaSpray \u2122 n-but\u00e1n \/ izobut\u00e1n \/ prop\u00e1n (54\/24\/22)"},"content":{"rendered":"<p>&#8211; <span class=\"tlid-translation translation\" lang=\"hu\"><span class=\"\" title=\"\">K\u00fcl\u00f6n\u00f6sen alkalmas kozmetikai habk\u00e9sz\u00edtm\u00e9nyekhez<\/span><\/span>.<br \/>\n&#8211; A<span class=\"tlid-translation translation\" lang=\"hu\"><span class=\"\" title=\"\">lacsony s\u0171r\u0171s\u00e9ge miatt gazdas\u00e1gos, nagym\u00e9rt\u00e9kben cs\u00f6kkenti az alkalmazand\u00f3 hajt\u00f3g\u00e1z t\u00f6meg\u00e9t<\/span><\/span>.<br \/>\n&#8211; Nagy rugalmass\u00e1got biztos\u00edt a formul\u00e1z\u00e1sban a <span class=\"tlid-translation translation\" lang=\"hu\"><span class=\"\" title=\"\">legt\u00f6bb old\u00f3szerrel<\/span><\/span> mutatott k<span class=\"tlid-translation translation\" lang=\"hu\"><span class=\"\" title=\"\">iv\u00e1l\u00f3 keverhet\u0151s\u00e9ge r\u00e9v\u00e9n<\/span><\/span>.<br \/>\n&#8211; <span class=\"tlid-translation translation\" lang=\"hu\"><span class=\"\" title=\"\">Nincs hat\u00e1sa az \u00f3zonr\u00e9tegre, \u00e9s elhanyagolhat\u00f3 m\u00e9rt\u00e9kben befoly\u00e1solja az \u00fcvegh\u00e1zhat\u00e1st<\/span><\/span>.<\/p>\n","protected":false},"excerpt":{"rendered":"<p>A NovaSprayTM-n-but\u00e1n \/ izobut\u00e1n \/ prop\u00e1n (54\/24\/22) a NovaSprayTM-n-but\u00e1n, a NovaSprayTM-izobut\u00e1n \u00e9s a NovaSprayTM-prop\u00e1n speci\u00e1lisan szagtalan\u00edtott aeroszol min\u0151s\u00e9g\u0171 kever\u00e9ke.\u00a0\u00c1lland\u00f3 min\u0151s\u00e9g\u0171 \u00e9s ellen\u0151rz\u00f6tt nyom\u00e1s\u00fa, megfelel a hajt\u00f3g\u00e1zok minden k\u00f6vetelm\u00e9ny\u00e9nek.<\/p>\n","protected":false},"featured_media":203233,"comment_status":"open","ping_status":"closed","template":"","meta":[],"countries":[4674,4709,4756,4813,4831,4862],"product_brand":[],"product_cat":[9967,9994,9760,9596],"product_tag":[],"class_list":{"0":"post-163251","1":"product","2":"type-product","3":"status-publish","4":"has-post-thumbnail","6":"countries-by","7":"countries-cu","8":"countries-ir","9":"countries-kp","10":"countries-ru","11":"countries-sy","12":"product_cat-egeszseg-jolet","13":"product_cat-egyeb-iparagak","14":"product_cat-hajtogazok","15":"product_cat-szenhidrogenek-hu-83","16":"pa_packaging-palack-26-i-hu-32","17":"pa_packaging-palack-88-l-hu-122","18":"pa_packaging-tartaly-930-l-hu-76","20":"first","21":"instock","22":"shipping-taxable","23":"purchasable","24":"product-type-variable"},"_links":{"self":[{"href":"https:\/\/climalife.com\/hu\/wp-json\/wp\/v2\/product\/163251","targetHints":{"allow":["GET"]}}],"collection":[{"href":"https:\/\/climalife.com\/hu\/wp-json\/wp\/v2\/product"}],"about":[{"href":"https:\/\/climalife.com\/hu\/wp-json\/wp\/v2\/types\/product"}],"replies":[{"embeddable":true,"href":"https:\/\/climalife.com\/hu\/wp-json\/wp\/v2\/comments?post=163251"}],"wp:featuredmedia":[{"embeddable":true,"href":"https:\/\/climalife.com\/hu\/wp-json\/wp\/v2\/media\/203233"}],"wp:attachment":[{"href":"https:\/\/climalife.com\/hu\/wp-json\/wp\/v2\/media?parent=163251"}],"wp:term":[{"taxonomy":"countries","embeddable":true,"href":"https:\/\/climalife.com\/hu\/wp-json\/wp\/v2\/countries?post=163251"},{"taxonomy":"product_brand","embeddable":true,"href":"https:\/\/climalife.com\/hu\/wp-json\/wp\/v2\/product_brand?post=163251"},{"taxonomy":"product_cat","embeddable":true,"href":"https:\/\/climalife.com\/hu\/wp-json\/wp\/v2\/product_cat?post=163251"},{"taxonomy":"product_tag","embeddable":true,"href":"https:\/\/climalife.com\/hu\/wp-json\/wp\/v2\/product_tag?post=163251"}],"curies":[{"name":"wp","href":"https:\/\/api.w.org\/{rel}","templated":true}]}}