{"id":163261,"date":"2022-09-28T18:18:41","date_gmt":"2022-09-28T18:18:41","guid":{"rendered":"http:\/\/climalife.com\/product\/r-422a-freontm-mo79\/"},"modified":"2025-08-11T14:18:48","modified_gmt":"2025-08-11T14:18:48","slug":"r-422a-freontm-mo79","status":"publish","type":"product","link":"https:\/\/climalife.com\/hu\/product\/r-422a-freontm-mo79\/","title":{"rendered":"R-422A (Freon\u2122 MO79)"},"content":{"rendered":"<p>M\u00e9lyh\u0171t\u00e9ses rendszerekben haszn\u00e1lhat\u00f3 szupermarketekben, mez\u0151gazdas\u00e1gi- \u00e9s \u00e9lelmiszerterm\u00e9kek forgalmaz\u00e1s\u00e1ban.<\/p>\n","protected":false},"excerpt":{"rendered":"<p>Az\u00a0FreonTM MO79 egy olyan zeotr\u00f3p HFC kever\u00e9k, amelyet az eredetileg az R-502-t kiv\u00e1lt\u00f3 R-22 helyettes\u00edt\u00e9s\u00e9re fejlesztettek ki m\u00e9lyh\u0171t\u00e9ses alkalmaz\u00e1sokban.<\/p>\n","protected":false},"featured_media":108639,"comment_status":"open","ping_status":"closed","template":"","meta":[],"countries":[4674,4709,4756,4813,4831,4862],"product_brand":[],"product_cat":[9940,13130,9446],"product_tag":[],"class_list":{"0":"post-163261","1":"product","2":"type-product","3":"status-publish","4":"has-post-thumbnail","6":"countries-by","7":"countries-cu","8":"countries-ir","9":"countries-kp","10":"countries-ru","11":"countries-sy","12":"product_cat-elelmiszeripar","13":"product_cat-hutestechnika","14":"product_cat-hfc-hu-33","15":"pa_packaging-cubikool","16":"pa_packaging-palack-52-l-hu-72","18":"first","19":"instock","20":"shipping-taxable","21":"purchasable","22":"product-type-variable"},"_links":{"self":[{"href":"https:\/\/climalife.com\/hu\/wp-json\/wp\/v2\/product\/163261","targetHints":{"allow":["GET"]}}],"collection":[{"href":"https:\/\/climalife.com\/hu\/wp-json\/wp\/v2\/product"}],"about":[{"href":"https:\/\/climalife.com\/hu\/wp-json\/wp\/v2\/types\/product"}],"replies":[{"embeddable":true,"href":"https:\/\/climalife.com\/hu\/wp-json\/wp\/v2\/comments?post=163261"}],"wp:featuredmedia":[{"embeddable":true,"href":"https:\/\/climalife.com\/hu\/wp-json\/wp\/v2\/media\/108639"}],"wp:attachment":[{"href":"https:\/\/climalife.com\/hu\/wp-json\/wp\/v2\/media?parent=163261"}],"wp:term":[{"taxonomy":"countries","embeddable":true,"href":"https:\/\/climalife.com\/hu\/wp-json\/wp\/v2\/countries?post=163261"},{"taxonomy":"product_brand","embeddable":true,"href":"https:\/\/climalife.com\/hu\/wp-json\/wp\/v2\/product_brand?post=163261"},{"taxonomy":"product_cat","embeddable":true,"href":"https:\/\/climalife.com\/hu\/wp-json\/wp\/v2\/product_cat?post=163261"},{"taxonomy":"product_tag","embeddable":true,"href":"https:\/\/climalife.com\/hu\/wp-json\/wp\/v2\/product_tag?post=163261"}],"curies":[{"name":"wp","href":"https:\/\/api.w.org\/{rel}","templated":true}]}}