{"id":163281,"date":"2022-09-28T18:19:06","date_gmt":"2022-09-28T18:19:06","guid":{"rendered":"http:\/\/climalife.com\/product\/novexpans-n-pentan-izopentan-85-15\/"},"modified":"2025-08-11T14:15:30","modified_gmt":"2025-08-11T14:15:30","slug":"novexpans-n-pentan-izopentan-85-15","status":"publish","type":"product","link":"https:\/\/climalife.com\/hu\/product\/novexpans-n-pentan-izopentan-85-15\/","title":{"rendered":"NOVEXPANS \u2122 n-pent\u00e1n \/ izopent\u00e1n (85\/15)"},"content":{"rendered":"<p><span class=\"tlid-translation translation\" lang=\"hu\"><span class=\"\" title=\"\">Gazdas\u00e1gos \u00e9s az \u00f3zonr\u00e9tegre \u00e1rtalmatlan, k\u00fcl\u00f6n\u00f6sen alkalmas szigetel\u0151 panelek gy\u00e1rt\u00e1s\u00e1ra.<\/span><\/span><\/p>\n","protected":false},"excerpt":{"rendered":"<p>A NOVEXPANS\u2122 n-pent\u00e1n \/ izopent\u00e1n (85\/15) az n-pent\u00e1n \u00e9s az izopent\u00e1n garant\u00e1lt min\u0151s\u00e9g\u0171\u00a0 kever\u00e9ke, amelyet habos\u00edt\u00f3szerk\u00e9nt haszn\u00e1lnak a merev poliuret\u00e1n habok t\u00e1g\u00edt\u00e1s\u00e1hoz.<\/p>\n","protected":false},"featured_media":215566,"comment_status":"open","ping_status":"closed","template":"","meta":[],"countries":[4674,4709,4756,4813,4831,4862],"product_brand":[],"product_cat":[9949,9994,13105,9506],"product_tag":[],"class_list":{"0":"post-163281","1":"product","2":"type-product","3":"status-publish","4":"has-post-thumbnail","6":"countries-by","7":"countries-cu","8":"countries-ir","9":"countries-kp","10":"countries-ru","11":"countries-sy","12":"product_cat-epuletek","13":"product_cat-egyeb-iparagak","14":"product_cat-szigeteles","15":"product_cat-szenhidrogenek","16":"pa_packaging-hordo-217-i-hu-30","17":"pa_packaging-hordo-30-i-hu-26","18":"pa_packaging-palack-26-i-hu-32","19":"pa_packaging-tartaly-930-l-hu-76","20":"pa_packaging-tartalyos-hu-168","22":"first","23":"instock","24":"shipping-taxable","25":"purchasable","26":"product-type-variable"},"_links":{"self":[{"href":"https:\/\/climalife.com\/hu\/wp-json\/wp\/v2\/product\/163281","targetHints":{"allow":["GET"]}}],"collection":[{"href":"https:\/\/climalife.com\/hu\/wp-json\/wp\/v2\/product"}],"about":[{"href":"https:\/\/climalife.com\/hu\/wp-json\/wp\/v2\/types\/product"}],"replies":[{"embeddable":true,"href":"https:\/\/climalife.com\/hu\/wp-json\/wp\/v2\/comments?post=163281"}],"wp:featuredmedia":[{"embeddable":true,"href":"https:\/\/climalife.com\/hu\/wp-json\/wp\/v2\/media\/215566"}],"wp:attachment":[{"href":"https:\/\/climalife.com\/hu\/wp-json\/wp\/v2\/media?parent=163281"}],"wp:term":[{"taxonomy":"countries","embeddable":true,"href":"https:\/\/climalife.com\/hu\/wp-json\/wp\/v2\/countries?post=163281"},{"taxonomy":"product_brand","embeddable":true,"href":"https:\/\/climalife.com\/hu\/wp-json\/wp\/v2\/product_brand?post=163281"},{"taxonomy":"product_cat","embeddable":true,"href":"https:\/\/climalife.com\/hu\/wp-json\/wp\/v2\/product_cat?post=163281"},{"taxonomy":"product_tag","embeddable":true,"href":"https:\/\/climalife.com\/hu\/wp-json\/wp\/v2\/product_tag?post=163281"}],"curies":[{"name":"wp","href":"https:\/\/api.w.org\/{rel}","templated":true}]}}