{"id":163298,"date":"2022-09-28T18:19:26","date_gmt":"2022-09-28T18:19:26","guid":{"rendered":"http:\/\/climalife.com\/product\/r-245fa\/"},"modified":"2025-09-09T07:09:38","modified_gmt":"2025-09-09T07:09:38","slug":"r-245fa","status":"publish","type":"product","link":"https:\/\/climalife.com\/hu\/product\/r-245fa\/","title":{"rendered":"R-245fa"},"content":{"rendered":"<p>Haszn\u00e1lhat\u00f3 tov\u00e1bb\u00e1 nagy teljes\u00edtm\u00e9ny\u0171, egy (vagy t\u00f6bb) l\u00e9pcs\u0151s centrifug\u00e1lkompresszorral felszerelt berendez\u00e9sben is az R-123 (HCFC) helyettes\u00edt\u0151jek\u00e9nt.<\/p>\n","protected":false},"excerpt":{"rendered":"<p>Az R-245fa kl\u00f3rozott, fluorozott sz\u00e9nhidrog\u00e9n (HFC). \u00daj ipari l\u00e9gkond\u00edcion\u00e1l\u00f3kban, \u00e9p\u00fcletklimatiz\u00e1sl\u00e1sban \u00e9s magyas h\u0151m\u00e9rs\u00e9klet\u0171 h\u0151visszanyer\u0151kben haszn\u00e1latos.<\/p>\n","protected":false},"featured_media":130435,"comment_status":"open","ping_status":"closed","template":"","meta":[],"countries":[4674,4709,4756,4813,4831,4862],"product_brand":[],"product_cat":[9958,9949,9446,13061,13114,9987],"product_tag":[],"class_list":{"0":"post-163298","1":"product","2":"type-product","3":"status-publish","4":"has-post-thumbnail","6":"countries-by","7":"countries-cu","8":"countries-ir","9":"countries-kp","10":"countries-ru","11":"countries-sy","12":"product_cat-energia","13":"product_cat-epuletek","14":"product_cat-hfc-hu-33","15":"product_cat-legkondicionalas","16":"product_cat-orc-szerves-rankine-ciklus","17":"product_cat-repulestechnika-urhajozas-vedelem","18":"pa_packaging-palack-52-l-hu-72","20":"first","21":"instock","22":"shipping-taxable","23":"purchasable","24":"product-type-variable"},"_links":{"self":[{"href":"https:\/\/climalife.com\/hu\/wp-json\/wp\/v2\/product\/163298","targetHints":{"allow":["GET"]}}],"collection":[{"href":"https:\/\/climalife.com\/hu\/wp-json\/wp\/v2\/product"}],"about":[{"href":"https:\/\/climalife.com\/hu\/wp-json\/wp\/v2\/types\/product"}],"replies":[{"embeddable":true,"href":"https:\/\/climalife.com\/hu\/wp-json\/wp\/v2\/comments?post=163298"}],"wp:featuredmedia":[{"embeddable":true,"href":"https:\/\/climalife.com\/hu\/wp-json\/wp\/v2\/media\/130435"}],"wp:attachment":[{"href":"https:\/\/climalife.com\/hu\/wp-json\/wp\/v2\/media?parent=163298"}],"wp:term":[{"taxonomy":"countries","embeddable":true,"href":"https:\/\/climalife.com\/hu\/wp-json\/wp\/v2\/countries?post=163298"},{"taxonomy":"product_brand","embeddable":true,"href":"https:\/\/climalife.com\/hu\/wp-json\/wp\/v2\/product_brand?post=163298"},{"taxonomy":"product_cat","embeddable":true,"href":"https:\/\/climalife.com\/hu\/wp-json\/wp\/v2\/product_cat?post=163298"},{"taxonomy":"product_tag","embeddable":true,"href":"https:\/\/climalife.com\/hu\/wp-json\/wp\/v2\/product_tag?post=163298"}],"curies":[{"name":"wp","href":"https:\/\/api.w.org\/{rel}","templated":true}]}}