{"id":163309,"date":"2022-09-28T18:19:37","date_gmt":"2022-09-28T18:19:37","guid":{"rendered":"http:\/\/climalife.com\/product\/r-422d-freontm-mo29\/"},"modified":"2025-08-11T14:11:36","modified_gmt":"2025-08-11T14:11:36","slug":"r-422d-freontm-mo29","status":"publish","type":"product","link":"https:\/\/climalife.com\/hu\/product\/r-422d-freontm-mo29\/","title":{"rendered":"R-422D (FreonTM MO29)"},"content":{"rendered":"","protected":false},"excerpt":{"rendered":"<p>Az R-422D (FreonTM MO29) az R22 v\u00e9gleges helyettes\u00edt\u00e9s\u00e9re alkalmas HFC t\u00edpus\u00fa zeotropikus kever\u00e9k, mely a h\u0171t\u00e9s-, kl\u00edmatechnik\u00e1ban valamint folyad\u00e9kh\u0171t\u0151kben haszn\u00e1lhat\u00f3.<\/p>\n","protected":false},"featured_media":108990,"comment_status":"open","ping_status":"closed","template":"","meta":[],"countries":[4674,4709,4756,4813,4831,4862],"product_brand":[],"product_cat":[9940,9949,9446,13130,13061],"product_tag":[],"class_list":{"0":"post-163309","1":"product","2":"type-product","3":"status-publish","4":"has-post-thumbnail","6":"countries-by","7":"countries-cu","8":"countries-ir","9":"countries-kp","10":"countries-ru","11":"countries-sy","12":"product_cat-elelmiszeripar","13":"product_cat-epuletek","14":"product_cat-hfc-hu-33","15":"product_cat-hutestechnika","16":"product_cat-legkondicionalas","17":"pa_packaging-cubikool","18":"pa_packaging-palack-52-l-hu-72","20":"first","21":"instock","22":"shipping-taxable","23":"purchasable","24":"product-type-variable"},"_links":{"self":[{"href":"https:\/\/climalife.com\/hu\/wp-json\/wp\/v2\/product\/163309","targetHints":{"allow":["GET"]}}],"collection":[{"href":"https:\/\/climalife.com\/hu\/wp-json\/wp\/v2\/product"}],"about":[{"href":"https:\/\/climalife.com\/hu\/wp-json\/wp\/v2\/types\/product"}],"replies":[{"embeddable":true,"href":"https:\/\/climalife.com\/hu\/wp-json\/wp\/v2\/comments?post=163309"}],"wp:featuredmedia":[{"embeddable":true,"href":"https:\/\/climalife.com\/hu\/wp-json\/wp\/v2\/media\/108990"}],"wp:attachment":[{"href":"https:\/\/climalife.com\/hu\/wp-json\/wp\/v2\/media?parent=163309"}],"wp:term":[{"taxonomy":"countries","embeddable":true,"href":"https:\/\/climalife.com\/hu\/wp-json\/wp\/v2\/countries?post=163309"},{"taxonomy":"product_brand","embeddable":true,"href":"https:\/\/climalife.com\/hu\/wp-json\/wp\/v2\/product_brand?post=163309"},{"taxonomy":"product_cat","embeddable":true,"href":"https:\/\/climalife.com\/hu\/wp-json\/wp\/v2\/product_cat?post=163309"},{"taxonomy":"product_tag","embeddable":true,"href":"https:\/\/climalife.com\/hu\/wp-json\/wp\/v2\/product_tag?post=163309"}],"curies":[{"name":"wp","href":"https:\/\/api.w.org\/{rel}","templated":true}]}}