{"id":163370,"date":"2022-09-28T18:20:45","date_gmt":"2022-09-28T18:20:45","guid":{"rendered":"http:\/\/climalife.com\/product\/novexpans-izobutan\/"},"modified":"2025-07-31T13:58:51","modified_gmt":"2025-07-31T13:58:51","slug":"novexpans-izobutan","status":"publish","type":"product","link":"https:\/\/climalife.com\/hu\/product\/novexpans-izobutan\/","title":{"rendered":"NOVEXPANS\u2122 izobut\u00e1n"},"content":{"rendered":"<p><span class=\"tlid-translation translation\" lang=\"hu\"><span class=\"\" title=\"\">Kombin\u00e1lhat\u00f3 m\u00e1s sz\u00e9nhidrog\u00e9nekkel (prop\u00e1n, n-but\u00e1n) a polisztirol habok t\u00e1gul\u00e1s\u00e1hoz.<\/span> <span class=\"\" title=\"\">A HCFC-term\u00e9kek helyettes\u00edt\u00e9s\u00e9re aj\u00e1nlott, ugyanis nincs hat\u00e1ssal az \u00f3zonr\u00e9tegre.<\/span><\/span><\/p>\n","protected":false},"excerpt":{"rendered":"<p>A NOVEXPANS\u2122 izobut\u00e1n garant\u00e1lt specifik\u00e1ci\u00f3kkal rendelkez\u0151, speci\u00e1lisan szagtalan\u00edtott g\u00e1z, mely m\u0171anyag habok (polietil\u00e9n, polisztirol \u00e9s PVC) habos\u00edt\u00e1s\u00e1ra szolg\u00e1l.<\/p>\n","protected":false},"featured_media":202564,"comment_status":"open","ping_status":"closed","template":"","meta":[],"countries":[4674,4709,4756,4813,4831,4862],"product_brand":[],"product_cat":[9976,9949,9940,9994,13105,9506],"product_tag":[],"class_list":{"0":"post-163370","1":"product","2":"type-product","3":"status-publish","4":"has-post-thumbnail","6":"countries-by","7":"countries-cu","8":"countries-ir","9":"countries-kp","10":"countries-ru","11":"countries-sy","12":"product_cat-autoipar-kozlekedes","13":"product_cat-epuletek","14":"product_cat-elelmiszeripar","15":"product_cat-egyeb-iparagak","16":"product_cat-szigeteles","17":"product_cat-szenhidrogenek","18":"pa_packaging-palack-26-i-hu-32","19":"pa_packaging-palack-88-l-hu-122","20":"pa_packaging-tartaly-930-l-hu-76","21":"pa_packaging-tartalyos-hu-168","23":"first","24":"instock","25":"shipping-taxable","26":"purchasable","27":"product-type-variable"},"_links":{"self":[{"href":"https:\/\/climalife.com\/hu\/wp-json\/wp\/v2\/product\/163370","targetHints":{"allow":["GET"]}}],"collection":[{"href":"https:\/\/climalife.com\/hu\/wp-json\/wp\/v2\/product"}],"about":[{"href":"https:\/\/climalife.com\/hu\/wp-json\/wp\/v2\/types\/product"}],"replies":[{"embeddable":true,"href":"https:\/\/climalife.com\/hu\/wp-json\/wp\/v2\/comments?post=163370"}],"wp:featuredmedia":[{"embeddable":true,"href":"https:\/\/climalife.com\/hu\/wp-json\/wp\/v2\/media\/202564"}],"wp:attachment":[{"href":"https:\/\/climalife.com\/hu\/wp-json\/wp\/v2\/media?parent=163370"}],"wp:term":[{"taxonomy":"countries","embeddable":true,"href":"https:\/\/climalife.com\/hu\/wp-json\/wp\/v2\/countries?post=163370"},{"taxonomy":"product_brand","embeddable":true,"href":"https:\/\/climalife.com\/hu\/wp-json\/wp\/v2\/product_brand?post=163370"},{"taxonomy":"product_cat","embeddable":true,"href":"https:\/\/climalife.com\/hu\/wp-json\/wp\/v2\/product_cat?post=163370"},{"taxonomy":"product_tag","embeddable":true,"href":"https:\/\/climalife.com\/hu\/wp-json\/wp\/v2\/product_tag?post=163370"}],"curies":[{"name":"wp","href":"https:\/\/api.w.org\/{rel}","templated":true}]}}