{"id":163449,"date":"2022-09-28T18:22:14","date_gmt":"2022-09-28T18:22:14","guid":{"rendered":"http:\/\/climalife.com\/product\/tek-mate-szivargaskereso\/"},"modified":"2025-08-11T13:54:37","modified_gmt":"2025-08-11T13:54:37","slug":"tek-mate-szivargaskereso","status":"publish","type":"product","link":"https:\/\/climalife.com\/hu\/product\/tek-mate-szivargaskereso\/","title":{"rendered":"Tek-Mate sziv\u00e1rg\u00e1skeres\u0151"},"content":{"rendered":"<p>2 \u00e9rz\u00e9kenys\u00e9gi szint (2 g\/\u00e9v), hangjelz\u00e9s, elemmel m\u0171k\u00f6dik.<\/p>\n","protected":false},"excerpt":{"rendered":"<p>Forr\u00f3 kat\u00f3dos di\u00f3d\u00e1s.<\/p>\n","protected":false},"featured_media":121941,"comment_status":"open","ping_status":"closed","template":"","meta":[],"countries":[4674,4709,4756,4813,4831,4862],"product_brand":[],"product_cat":[9987,9976,9949,9958,9940,9967,9994,13061,13114,13130,9373],"product_tag":[],"class_list":{"0":"post-163449","1":"product","2":"type-product","3":"status-publish","4":"has-post-thumbnail","6":"countries-by","7":"countries-cu","8":"countries-ir","9":"countries-kp","10":"countries-ru","11":"countries-sy","12":"product_cat-repulestechnika-urhajozas-vedelem","13":"product_cat-autoipar-kozlekedes","14":"product_cat-epuletek","15":"product_cat-energia","16":"product_cat-elelmiszeripar","17":"product_cat-egeszseg-jolet","18":"product_cat-egyeb-iparagak","19":"product_cat-legkondicionalas","20":"product_cat-orc-szerves-rankine-ciklus","21":"product_cat-hutestechnika","22":"product_cat-mobil-szivargaserzekeles","23":"pa_packaging-egyseg-hu-25","25":"first","26":"instock","27":"shipping-taxable","28":"purchasable","29":"product-type-variable"},"_links":{"self":[{"href":"https:\/\/climalife.com\/hu\/wp-json\/wp\/v2\/product\/163449","targetHints":{"allow":["GET"]}}],"collection":[{"href":"https:\/\/climalife.com\/hu\/wp-json\/wp\/v2\/product"}],"about":[{"href":"https:\/\/climalife.com\/hu\/wp-json\/wp\/v2\/types\/product"}],"replies":[{"embeddable":true,"href":"https:\/\/climalife.com\/hu\/wp-json\/wp\/v2\/comments?post=163449"}],"wp:featuredmedia":[{"embeddable":true,"href":"https:\/\/climalife.com\/hu\/wp-json\/wp\/v2\/media\/121941"}],"wp:attachment":[{"href":"https:\/\/climalife.com\/hu\/wp-json\/wp\/v2\/media?parent=163449"}],"wp:term":[{"taxonomy":"countries","embeddable":true,"href":"https:\/\/climalife.com\/hu\/wp-json\/wp\/v2\/countries?post=163449"},{"taxonomy":"product_brand","embeddable":true,"href":"https:\/\/climalife.com\/hu\/wp-json\/wp\/v2\/product_brand?post=163449"},{"taxonomy":"product_cat","embeddable":true,"href":"https:\/\/climalife.com\/hu\/wp-json\/wp\/v2\/product_cat?post=163449"},{"taxonomy":"product_tag","embeddable":true,"href":"https:\/\/climalife.com\/hu\/wp-json\/wp\/v2\/product_tag?post=163449"}],"curies":[{"name":"wp","href":"https:\/\/api.w.org\/{rel}","templated":true}]}}