{"id":163458,"date":"2022-09-28T18:22:26","date_gmt":"2022-09-28T18:22:26","guid":{"rendered":"http:\/\/climalife.com\/product\/kalibralo-szett-hfo-hfc-co2-nh3\/"},"modified":"2025-08-11T13:53:35","modified_gmt":"2025-08-11T13:53:35","slug":"kalibralo-szett-hfo-hfc-co2-nh3","status":"publish","type":"product","link":"https:\/\/climalife.com\/hu\/product\/kalibralo-szett-hfo-hfc-co2-nh3\/","title":{"rendered":"Kalibr\u00e1l\u00f3 szett HFO \/ HFC, CO2 \/ NH3"},"content":{"rendered":"<div id=\"reference-content\" class=\"textarea mce-content-body\">\n<p><span id=\"result_box\" class=\"\" lang=\"hu\"><span class=\"\">A <strong>kalibr\u00e1ci\u00f3s k\u00e9szlet<\/strong> a be\u00e9p\u00edtett szenzorok helysz\u00edni \u00e9rz\u00e9kenys\u00e9g\u00e9nek ellen\u0151rz\u00e9s\u00e9re, \u00e9s amennyiben sz\u00fcks\u00e9ges, a rendszer \u00fajrakalibr\u00e1l\u00e1s\u00e1ra szolg\u00e1l<\/span><\/span>.<\/p>\n<p>E<span id=\"result_box\" class=\"\" lang=\"hu\"><span class=\"\">gy el\u0151re meghat\u00e1rozott koncentr\u00e1ci\u00f3ban kiv\u00e1lasztott 110 liter nem reakt\u00edv kever\u00e9k\u0171 g\u00e1z palackot<\/span><\/span>, \u00e1raml\u00e1sszab\u00e1lyoz\u00f3t, kalibr\u00e1l\u00e1si szelepet, kibocs\u00e1t\u00f3 \u00e9s nem abszorbe\u00e1l\u00f3 t\u00f6ml\u0151ket tartalmaz.<\/p>\n<\/div>\n","protected":false},"excerpt":{"rendered":"<p>A kalibr\u00e1l\u00f3 szett lehet\u0151v\u00e9 teszi a\u00a0HCFC \/ HFC-s, HFO-s, NH3-as \u00e9s CO2-es telep\u00edtett sziv\u00e1rg\u00e1s\u00e9szlel\u0151k \u00e9rz\u00e9kenys\u00e9gi szintj\u00e9nek ellen\u0151rz\u00e9s\u00e9t.<\/p>\n","protected":false},"featured_media":121986,"comment_status":"open","ping_status":"closed","template":"","meta":[],"countries":[4674,4709,4756,4760,4804,4813,4831,4862],"product_brand":[],"product_cat":[9987,9949,9958,9940,9967,9994,13061,13096,13114,13130,9265],"product_tag":[],"class_list":{"0":"post-163458","1":"product","2":"type-product","3":"status-publish","4":"has-post-thumbnail","6":"countries-by","7":"countries-cu","8":"countries-ir","9":"countries-it","10":"countries-nl","11":"countries-kp","12":"countries-ru","13":"countries-sy","14":"product_cat-repulestechnika-urhajozas-vedelem","15":"product_cat-epuletek","16":"product_cat-energia","17":"product_cat-elelmiszeripar","18":"product_cat-egeszseg-jolet","19":"product_cat-egyeb-iparagak","20":"product_cat-legkondicionalas","21":"product_cat-futes","22":"product_cat-orc-szerves-rankine-ciklus","23":"product_cat-hutestechnika","24":"product_cat-telepitett","25":"pa_packaging-egyseg-hu-25","27":"first","28":"instock","29":"shipping-taxable","30":"purchasable","31":"product-type-variable"},"_links":{"self":[{"href":"https:\/\/climalife.com\/hu\/wp-json\/wp\/v2\/product\/163458","targetHints":{"allow":["GET"]}}],"collection":[{"href":"https:\/\/climalife.com\/hu\/wp-json\/wp\/v2\/product"}],"about":[{"href":"https:\/\/climalife.com\/hu\/wp-json\/wp\/v2\/types\/product"}],"replies":[{"embeddable":true,"href":"https:\/\/climalife.com\/hu\/wp-json\/wp\/v2\/comments?post=163458"}],"wp:featuredmedia":[{"embeddable":true,"href":"https:\/\/climalife.com\/hu\/wp-json\/wp\/v2\/media\/121986"}],"wp:attachment":[{"href":"https:\/\/climalife.com\/hu\/wp-json\/wp\/v2\/media?parent=163458"}],"wp:term":[{"taxonomy":"countries","embeddable":true,"href":"https:\/\/climalife.com\/hu\/wp-json\/wp\/v2\/countries?post=163458"},{"taxonomy":"product_brand","embeddable":true,"href":"https:\/\/climalife.com\/hu\/wp-json\/wp\/v2\/product_brand?post=163458"},{"taxonomy":"product_cat","embeddable":true,"href":"https:\/\/climalife.com\/hu\/wp-json\/wp\/v2\/product_cat?post=163458"},{"taxonomy":"product_tag","embeddable":true,"href":"https:\/\/climalife.com\/hu\/wp-json\/wp\/v2\/product_tag?post=163458"}],"curies":[{"name":"wp","href":"https:\/\/api.w.org\/{rel}","templated":true}]}}