{"id":163469,"date":"2022-09-28T18:22:39","date_gmt":"2022-09-28T18:22:39","guid":{"rendered":"http:\/\/climalife.com\/product\/d-tek-co2-hoz-elem\/"},"modified":"2025-07-14T07:32:36","modified_gmt":"2025-07-14T07:32:36","slug":"d-tek-co2-hoz-elem","status":"publish","type":"product","link":"https:\/\/climalife.com\/hu\/product\/d-tek-co2-hoz-elem\/","title":{"rendered":"D-Tek CO2-h\u00f6z elem"},"content":{"rendered":"","protected":false},"excerpt":{"rendered":"<p>Kiz\u00e1r\u00f3lag\u00a0D-Tek CO<sub>2<\/sub> sziv\u00e1rg\u00e1skeres\u0151h\u00f6z.<\/p>\n","protected":false},"featured_media":206342,"comment_status":"open","ping_status":"closed","template":"","meta":[],"countries":[4674,4709,4756,4813,4831,4862],"product_brand":[],"product_cat":[9373],"product_tag":[],"class_list":{"0":"post-163469","1":"product","2":"type-product","3":"status-publish","4":"has-post-thumbnail","6":"countries-by","7":"countries-cu","8":"countries-ir","9":"countries-kp","10":"countries-ru","11":"countries-sy","12":"product_cat-mobil-szivargaserzekeles","13":"pa_packaging-egyseg-hu-25","15":"first","16":"instock","17":"shipping-taxable","18":"purchasable","19":"product-type-variable"},"_links":{"self":[{"href":"https:\/\/climalife.com\/hu\/wp-json\/wp\/v2\/product\/163469","targetHints":{"allow":["GET"]}}],"collection":[{"href":"https:\/\/climalife.com\/hu\/wp-json\/wp\/v2\/product"}],"about":[{"href":"https:\/\/climalife.com\/hu\/wp-json\/wp\/v2\/types\/product"}],"replies":[{"embeddable":true,"href":"https:\/\/climalife.com\/hu\/wp-json\/wp\/v2\/comments?post=163469"}],"wp:featuredmedia":[{"embeddable":true,"href":"https:\/\/climalife.com\/hu\/wp-json\/wp\/v2\/media\/206342"}],"wp:attachment":[{"href":"https:\/\/climalife.com\/hu\/wp-json\/wp\/v2\/media?parent=163469"}],"wp:term":[{"taxonomy":"countries","embeddable":true,"href":"https:\/\/climalife.com\/hu\/wp-json\/wp\/v2\/countries?post=163469"},{"taxonomy":"product_brand","embeddable":true,"href":"https:\/\/climalife.com\/hu\/wp-json\/wp\/v2\/product_brand?post=163469"},{"taxonomy":"product_cat","embeddable":true,"href":"https:\/\/climalife.com\/hu\/wp-json\/wp\/v2\/product_cat?post=163469"},{"taxonomy":"product_tag","embeddable":true,"href":"https:\/\/climalife.com\/hu\/wp-json\/wp\/v2\/product_tag?post=163469"}],"curies":[{"name":"wp","href":"https:\/\/api.w.org\/{rel}","templated":true}]}}